{"id":26265,"date":"2020-05-07T22:40:02","date_gmt":"2020-05-07T20:40:02","guid":{"rendered":"https:\/\/sewingheartdesign.com\/?post_type=product&#038;p=26265"},"modified":"2024-08-26T18:53:55","modified_gmt":"2024-08-26T16:53:55","slug":"dragkedjestopp-uppe-nere-strl-3","status":"publish","type":"product","link":"https:\/\/sewingheartdesign.com\/en\/produkt\/dragkedjestopp-uppe-nere-strl-3\/","title":{"rendered":"Strl 3, silver"},"content":{"rendered":"<p>Metallstopp f\u00f6r att korta av en dragkedja upptill och nertill.<\/p>\n<p>Anv\u00e4nd en t\u00e5ng och dra f\u00f6rsiktigt bort de t\u00e4nder som inte beh\u00f6vs. Kl\u00e4m fast nya stoppet med en t\u00e5ng. Nertill ska stoppet s\u00e4ttas \u00f6ver tandraden.<\/p>\n<p><strong>Antal:<\/strong> 2 delar f\u00f6r \u00f6vre placering, 1 del f\u00f6r nedre<\/p>\n","protected":false},"excerpt":{"rendered":"<p><em>Metallstopp f\u00f6r att korta av en dragkedja upptill och nertill.<\/em><\/p>\n","protected":false},"featured_media":26333,"template":"","meta":[],"product_cat":[522048307],"product_tag":[],"class_list":{"0":"post-26265","1":"product","2":"type-product","3":"status-publish","4":"has-post-thumbnail","6":"product_cat-grupperade-produkter","8":"first","9":"outofstock","10":"taxable","11":"shipping-taxable","12":"purchasable","13":"product-type-simple"},"_links":{"self":[{"href":"https:\/\/sewingheartdesign.com\/en\/wp-json\/wp\/v2\/product\/26265"}],"collection":[{"href":"https:\/\/sewingheartdesign.com\/en\/wp-json\/wp\/v2\/product"}],"about":[{"href":"https:\/\/sewingheartdesign.com\/en\/wp-json\/wp\/v2\/types\/product"}],"wp:featuredmedia":[{"embeddable":true,"href":"https:\/\/sewingheartdesign.com\/en\/wp-json\/wp\/v2\/media\/26333"}],"wp:attachment":[{"href":"https:\/\/sewingheartdesign.com\/en\/wp-json\/wp\/v2\/media?parent=26265"}],"wp:term":[{"taxonomy":"product_cat","embeddable":true,"href":"https:\/\/sewingheartdesign.com\/en\/wp-json\/wp\/v2\/product_cat?post=26265"},{"taxonomy":"product_tag","embeddable":true,"href":"https:\/\/sewingheartdesign.com\/en\/wp-json\/wp\/v2\/product_tag?post=26265"}],"curies":[{"name":"wp","href":"https:\/\/api.w.org\/{rel}","templated":true}]}}