{"id":26069,"date":"2020-04-30T22:43:47","date_gmt":"2020-04-30T20:43:47","guid":{"rendered":"https:\/\/sewingheartdesign.com\/?post_type=product&#038;p=26069"},"modified":"2023-06-08T14:12:34","modified_gmt":"2023-06-08T12:12:34","slug":"pressverktyg-halslag-12mm","status":"publish","type":"product","link":"https:\/\/sewingheartdesign.com\/en\/produkt\/pressverktyg-halslag-12mm\/","title":{"rendered":"12 mm"},"content":{"rendered":"<p>Insats f\u00f6r h\u00e5ltagning.<\/p>\n<p>Storlek p\u00e5 h\u00e5let: 12mm<\/p>\n<p>&nbsp;<\/p>\n<p><strong>Ing\u00e5r:<\/strong> \u00f6vre och nedre insatser<\/p>\n<p><strong>Passar till:<\/strong> knappress av modell DK-93<\/p>\n<p>OBS! Knappress ing\u00e5r ej.<\/p>\n","protected":false},"excerpt":{"rendered":"<p>Insats f\u00f6r h\u00e5ltagning. Storlek p\u00e5 h\u00e5let: 12mm &nbsp; Ing\u00e5r: \u00f6vre och nedre insatser Passar till: knappress av modell DK-93 OBS! Knappress ing\u00e5r ej.<\/p>\n","protected":false},"featured_media":13115,"template":"","meta":[],"product_cat":[522048307],"product_tag":[],"class_list":{"0":"post-26069","1":"product","2":"type-product","3":"status-publish","4":"has-post-thumbnail","6":"product_cat-grupperade-produkter","8":"first","9":"instock","10":"taxable","11":"shipping-taxable","12":"purchasable","13":"product-type-simple"},"_links":{"self":[{"href":"https:\/\/sewingheartdesign.com\/en\/wp-json\/wp\/v2\/product\/26069"}],"collection":[{"href":"https:\/\/sewingheartdesign.com\/en\/wp-json\/wp\/v2\/product"}],"about":[{"href":"https:\/\/sewingheartdesign.com\/en\/wp-json\/wp\/v2\/types\/product"}],"wp:featuredmedia":[{"embeddable":true,"href":"https:\/\/sewingheartdesign.com\/en\/wp-json\/wp\/v2\/media\/13115"}],"wp:attachment":[{"href":"https:\/\/sewingheartdesign.com\/en\/wp-json\/wp\/v2\/media?parent=26069"}],"wp:term":[{"taxonomy":"product_cat","embeddable":true,"href":"https:\/\/sewingheartdesign.com\/en\/wp-json\/wp\/v2\/product_cat?post=26069"},{"taxonomy":"product_tag","embeddable":true,"href":"https:\/\/sewingheartdesign.com\/en\/wp-json\/wp\/v2\/product_tag?post=26069"}],"curies":[{"name":"wp","href":"https:\/\/api.w.org\/{rel}","templated":true}]}}