{"id":25893,"date":"2020-04-24T23:50:40","date_gmt":"2020-04-24T21:50:40","guid":{"rendered":"https:\/\/sewingheartdesign.com\/?post_type=product&#038;p=25893"},"modified":"2023-11-09T13:56:08","modified_gmt":"2023-11-09T12:56:08","slug":"pu-bling-vit-fyrkant-guld","status":"publish","type":"product","link":"https:\/\/sewingheartdesign.com\/en\/produkt\/pu-bling-vit-fyrkant-guld\/","title":{"rendered":"Bling\u00f6ljetter p\u00e5 fuskl\u00e4der"},"content":{"rendered":"<p>\u00d6ljetter med bling i fuskl\u00e4der.<\/p>\n","protected":false},"excerpt":{"rendered":"<p>Dekorera kl\u00e4der, v\u00e4skor mm med dessa fina \u00f6ljetter med bling i fuskl\u00e4der.<\/p>\n<p>2-pack<\/p>\n<p>27&#215;27 mm<\/p>\n<p>H\u00e5l ca 9mm<\/p>\n","protected":false},"featured_media":25899,"template":"","meta":[],"product_cat":[522048003,522048114],"product_tag":[],"class_list":{"0":"post-25893","1":"product","2":"type-product","3":"status-publish","4":"has-post-thumbnail","6":"product_cat-oljetter-pu","7":"product_cat-putag-eyelets","9":"first","10":"instock","11":"taxable","12":"shipping-taxable","13":"purchasable","14":"product-type-simple"},"_links":{"self":[{"href":"https:\/\/sewingheartdesign.com\/en\/wp-json\/wp\/v2\/product\/25893"}],"collection":[{"href":"https:\/\/sewingheartdesign.com\/en\/wp-json\/wp\/v2\/product"}],"about":[{"href":"https:\/\/sewingheartdesign.com\/en\/wp-json\/wp\/v2\/types\/product"}],"wp:featuredmedia":[{"embeddable":true,"href":"https:\/\/sewingheartdesign.com\/en\/wp-json\/wp\/v2\/media\/25899"}],"wp:attachment":[{"href":"https:\/\/sewingheartdesign.com\/en\/wp-json\/wp\/v2\/media?parent=25893"}],"wp:term":[{"taxonomy":"product_cat","embeddable":true,"href":"https:\/\/sewingheartdesign.com\/en\/wp-json\/wp\/v2\/product_cat?post=25893"},{"taxonomy":"product_tag","embeddable":true,"href":"https:\/\/sewingheartdesign.com\/en\/wp-json\/wp\/v2\/product_tag?post=25893"}],"curies":[{"name":"wp","href":"https:\/\/api.w.org\/{rel}","templated":true}]}}