{"id":25360,"date":"2020-04-02T15:16:41","date_gmt":"2020-04-02T13:16:41","guid":{"rendered":"https:\/\/sewingheartdesign.com\/?post_type=product&#038;p=25360"},"modified":"2026-01-07T13:05:24","modified_gmt":"2026-01-07T12:05:24","slug":"snorande-01-enkelt","status":"publish","type":"product","link":"https:\/\/sewingheartdesign.com\/en\/produkt\/snorande-01-enkelt\/","title":{"rendered":"Sn\u00f6r\u00e4nde, enkelt"},"content":{"rendered":"<p>Sn\u00f6rstopp f\u00f6r ett sn\u00f6re.<br \/>\nSvart sn\u00f6rstopp i plast.<br \/>\nTr\u00e4s p\u00e5 sn\u00f6ret och vik ihop sn\u00f6rstoppet. Tryck till h\u00e5rt.<\/p>\n<p><strong>Bredd x h\u00f6jd:<\/strong> 9x13mm<br \/>\n<strong>H\u00e5l f\u00f6r sn\u00f6re:<\/strong> ca 4mm<br \/>\n<strong>Antal:<\/strong> 1 st<\/p>\n","protected":false},"excerpt":{"rendered":"<p><em>Sn\u00f6rstopp f\u00f6r att snabbt och enkelt f\u00f6rhindra att sn\u00f6ret glider ut \u00f6ljetter, sn\u00f6rl\u00e5s mm.<\/em><\/p>\n<p>Sn\u00f6rstopp f\u00f6r ett sn\u00f6re.<br \/>\nSvart sn\u00f6rstopp i plast.<br \/>\nTr\u00e4s p\u00e5 sn\u00f6ret och vik ihop sn\u00f6rstoppet. Tryck till h\u00e5rt.<\/p>\n<p><strong>Bredd x h\u00f6jd:<\/strong> 9x13mm<br \/>\n<strong>H\u00e5l f\u00f6r sn\u00f6re:<\/strong> ca 4mm<br \/>\n<strong>Antal:<\/strong> 1 st<\/p>\n","protected":false},"featured_media":25363,"template":"","meta":[],"product_cat":[522048334,522048101],"product_tag":[],"class_list":{"0":"post-25360","1":"product","2":"type-product","3":"status-publish","4":"has-post-thumbnail","6":"product_cat-snorandar-plast","7":"product_cat-nyheter","9":"first","10":"instock","11":"taxable","12":"shipping-taxable","13":"purchasable","14":"product-type-simple"},"_links":{"self":[{"href":"https:\/\/sewingheartdesign.com\/en\/wp-json\/wp\/v2\/product\/25360"}],"collection":[{"href":"https:\/\/sewingheartdesign.com\/en\/wp-json\/wp\/v2\/product"}],"about":[{"href":"https:\/\/sewingheartdesign.com\/en\/wp-json\/wp\/v2\/types\/product"}],"wp:featuredmedia":[{"embeddable":true,"href":"https:\/\/sewingheartdesign.com\/en\/wp-json\/wp\/v2\/media\/25363"}],"wp:attachment":[{"href":"https:\/\/sewingheartdesign.com\/en\/wp-json\/wp\/v2\/media?parent=25360"}],"wp:term":[{"taxonomy":"product_cat","embeddable":true,"href":"https:\/\/sewingheartdesign.com\/en\/wp-json\/wp\/v2\/product_cat?post=25360"},{"taxonomy":"product_tag","embeddable":true,"href":"https:\/\/sewingheartdesign.com\/en\/wp-json\/wp\/v2\/product_tag?post=25360"}],"curies":[{"name":"wp","href":"https:\/\/api.w.org\/{rel}","templated":true}]}}