{"id":25359,"date":"2020-04-02T15:13:08","date_gmt":"2020-04-02T13:13:08","guid":{"rendered":"https:\/\/sewingheartdesign.com\/?post_type=product&#038;p=25359"},"modified":"2024-02-16T09:56:38","modified_gmt":"2024-02-16T08:56:38","slug":"snorlas-dubbelt-bjorn","status":"publish","type":"product","link":"https:\/\/sewingheartdesign.com\/en\/produkt\/snorlas-dubbelt-bjorn\/","title":{"rendered":"Sn\u00f6rl\u00e5s, dubbelt, Bj\u00f6rn"},"content":{"rendered":"<p>Sn\u00f6rl\u00e5s i form av en bj\u00f6rn med ett h\u00e5l f\u00f6r 1-2 sn\u00f6ren.<br \/>\nSvart sn\u00f6rl\u00e5s i plast med metallfj\u00e4der.<br \/>\nAnv\u00e4nds till jackor, byxor, v\u00e4skor mm.<\/p>\n<p><strong>Bredd x h\u00f6jd:<\/strong> 18x32mm<br \/>\n<strong>Tjocklek:<\/strong> 8mm<br \/>\n<strong>H\u00e5l:<\/strong> ca 8x5mm, 1 st<\/p>\n","protected":false},"excerpt":{"rendered":"<p><em>Sn\u00f6rl\u00e5s i form av en bj\u00f6rn till jackor, byxor, v\u00e4skor mm.<\/em><\/p>\n<p>Sn\u00f6rl\u00e5s med ett h\u00e5l f\u00f6r 1-2 sn\u00f6ren.<br \/>\nSvart sn\u00f6rl\u00e5s i plast med metallfj\u00e4der.<br \/>\nAnv\u00e4nds till jackor, byxor, v\u00e4skor mm.<\/p>\n<p><strong>Bredd x h\u00f6jd:<\/strong> 18x32mm<br \/>\n<strong>Tjocklek:<\/strong> 8mm<br \/>\n<strong>H\u00e5l:<\/strong> ca 8x5mm, 1 st<\/p>\n<p><strong>Antal:<\/strong> 1 st<\/p>\n","protected":false},"featured_media":25399,"template":"","meta":[],"product_cat":[522047983,522048122],"product_tag":[],"class_list":{"0":"post-25359","1":"product","2":"type-product","3":"status-publish","4":"has-post-thumbnail","6":"product_cat-snoren-mm","7":"product_cat-snorlas","9":"first","10":"instock","11":"taxable","12":"shipping-taxable","13":"purchasable","14":"product-type-simple"},"_links":{"self":[{"href":"https:\/\/sewingheartdesign.com\/en\/wp-json\/wp\/v2\/product\/25359"}],"collection":[{"href":"https:\/\/sewingheartdesign.com\/en\/wp-json\/wp\/v2\/product"}],"about":[{"href":"https:\/\/sewingheartdesign.com\/en\/wp-json\/wp\/v2\/types\/product"}],"wp:featuredmedia":[{"embeddable":true,"href":"https:\/\/sewingheartdesign.com\/en\/wp-json\/wp\/v2\/media\/25399"}],"wp:attachment":[{"href":"https:\/\/sewingheartdesign.com\/en\/wp-json\/wp\/v2\/media?parent=25359"}],"wp:term":[{"taxonomy":"product_cat","embeddable":true,"href":"https:\/\/sewingheartdesign.com\/en\/wp-json\/wp\/v2\/product_cat?post=25359"},{"taxonomy":"product_tag","embeddable":true,"href":"https:\/\/sewingheartdesign.com\/en\/wp-json\/wp\/v2\/product_tag?post=25359"}],"curies":[{"name":"wp","href":"https:\/\/api.w.org\/{rel}","templated":true}]}}