{"id":25348,"date":"2020-04-02T14:53:19","date_gmt":"2020-04-02T12:53:19","guid":{"rendered":"https:\/\/sewingheartdesign.com\/?post_type=product&#038;p=25348"},"modified":"2025-08-28T13:48:28","modified_gmt":"2025-08-28T11:48:28","slug":"snorlas-enkelt-rosa","status":"publish","type":"product","link":"https:\/\/sewingheartdesign.com\/en\/produkt\/snorlas-enkelt-rosa\/","title":{"rendered":"Sn\u00f6rl\u00e5s, enkelt, rosa, 2-p"},"content":{"rendered":"<p>Runt sn\u00f6rl\u00e5s med ett h\u00e5l f\u00f6r ett sn\u00f6re.<br \/>\nTransparent sn\u00f6rl\u00e5s i plast med metallfj\u00e4der.<br \/>\nAnv\u00e4nds till jackor, byxor, v\u00e4skor mm.<\/p>\n<p><strong>Storlek:<\/strong> 15x12mm<br \/>\n<strong>H\u00f6jd ej ihoptryckt:<\/strong> 18mm<br \/>\n<strong>H\u00e5l:<\/strong> ca 6x3mm<\/p>\n","protected":false},"excerpt":{"rendered":"<p><em>Runt sn\u00f6rl\u00e5s till jackor, byxor, v\u00e4skor mm.<\/em><\/p>\n<p>Runt sn\u00f6rl\u00e5s med ett h\u00e5l f\u00f6r ett sn\u00f6re.<br \/>\nTransparent sn\u00f6rl\u00e5s i plast med metallfj\u00e4der.<br \/>\nAnv\u00e4nds till jackor, byxor, v\u00e4skor mm.<\/p>\n<p><strong>Storlek:<\/strong> 15x12mm<br \/>\n<strong>H\u00f6jd ej ihoptryckt:<\/strong> 18mm<br \/>\n<strong>H\u00e5l:<\/strong> ca 6x3mm<\/p>\n<p><strong>Antal:<\/strong> 2-pack<\/p>\n","protected":false},"featured_media":25333,"template":"","meta":[],"product_cat":[522047983,522048122],"product_tag":[],"class_list":{"0":"post-25348","1":"product","2":"type-product","3":"status-publish","4":"has-post-thumbnail","6":"product_cat-snoren-mm","7":"product_cat-snorlas","9":"first","10":"instock","11":"taxable","12":"shipping-taxable","13":"purchasable","14":"product-type-simple"},"_links":{"self":[{"href":"https:\/\/sewingheartdesign.com\/en\/wp-json\/wp\/v2\/product\/25348"}],"collection":[{"href":"https:\/\/sewingheartdesign.com\/en\/wp-json\/wp\/v2\/product"}],"about":[{"href":"https:\/\/sewingheartdesign.com\/en\/wp-json\/wp\/v2\/types\/product"}],"wp:featuredmedia":[{"embeddable":true,"href":"https:\/\/sewingheartdesign.com\/en\/wp-json\/wp\/v2\/media\/25333"}],"wp:attachment":[{"href":"https:\/\/sewingheartdesign.com\/en\/wp-json\/wp\/v2\/media?parent=25348"}],"wp:term":[{"taxonomy":"product_cat","embeddable":true,"href":"https:\/\/sewingheartdesign.com\/en\/wp-json\/wp\/v2\/product_cat?post=25348"},{"taxonomy":"product_tag","embeddable":true,"href":"https:\/\/sewingheartdesign.com\/en\/wp-json\/wp\/v2\/product_tag?post=25348"}],"curies":[{"name":"wp","href":"https:\/\/api.w.org\/{rel}","templated":true}]}}