{"id":25311,"date":"2020-04-01T21:44:01","date_gmt":"2020-04-01T19:44:01","guid":{"rendered":"https:\/\/sewingheartdesign.com\/?post_type=product&#038;p=25311"},"modified":"2026-03-28T20:39:12","modified_gmt":"2026-03-28T19:39:12","slug":"satinband-vit","status":"publish","type":"product","link":"https:\/\/sewingheartdesign.com\/en\/produkt\/satinband-vit\/","title":{"rendered":"Satinband vit"},"content":{"rendered":"<p>Gl\u00e4nsande satinband i h\u00e4rlig f\u00e4rg.<\/p>\n<p>Dekorera kl\u00e4der, dopkl\u00e4nningar eller lyxa till det som hoodsn\u00f6ren.<\/p>\n","protected":false},"excerpt":{"rendered":"<p><em>Gl\u00e4nsande satinband i h\u00e4rlig f\u00e4rg.<\/em><\/p>\n<p>10mm breda, 120cm l\u00e5nga<\/p>\n","protected":false},"featured_media":25299,"template":"","meta":[],"product_cat":[522048102,522047983,522048124],"product_tag":[],"class_list":{"0":"post-25311","1":"product","2":"type-product","3":"status-publish","4":"has-post-thumbnail","6":"product_cat-rea","7":"product_cat-snoren-mm","8":"product_cat-satinband","10":"first","11":"instock","12":"sale","13":"taxable","14":"shipping-taxable","15":"purchasable","16":"product-type-simple"},"_links":{"self":[{"href":"https:\/\/sewingheartdesign.com\/en\/wp-json\/wp\/v2\/product\/25311"}],"collection":[{"href":"https:\/\/sewingheartdesign.com\/en\/wp-json\/wp\/v2\/product"}],"about":[{"href":"https:\/\/sewingheartdesign.com\/en\/wp-json\/wp\/v2\/types\/product"}],"wp:featuredmedia":[{"embeddable":true,"href":"https:\/\/sewingheartdesign.com\/en\/wp-json\/wp\/v2\/media\/25299"}],"wp:attachment":[{"href":"https:\/\/sewingheartdesign.com\/en\/wp-json\/wp\/v2\/media?parent=25311"}],"wp:term":[{"taxonomy":"product_cat","embeddable":true,"href":"https:\/\/sewingheartdesign.com\/en\/wp-json\/wp\/v2\/product_cat?post=25311"},{"taxonomy":"product_tag","embeddable":true,"href":"https:\/\/sewingheartdesign.com\/en\/wp-json\/wp\/v2\/product_tag?post=25311"}],"curies":[{"name":"wp","href":"https:\/\/api.w.org\/{rel}","templated":true}]}}