{"id":25167,"date":"2020-03-29T00:31:49","date_gmt":"2020-03-28T23:31:49","guid":{"rendered":"https:\/\/sewingheartdesign.com\/?post_type=product&#038;p=25167"},"modified":"2024-10-31T15:23:56","modified_gmt":"2024-10-31T14:23:56","slug":"parlor-4-10mm-aqua-ljusgron-vit","status":"publish","type":"product","link":"https:\/\/sewingheartdesign.com\/en\/product\/parlor-4-10mm-aqua-ljusgron-vit\/","title":{"rendered":"P\u00e4rlor, 4-10mm, aqua\/ljusgr\u00f6n\/vit"},"content":{"rendered":"<p>Dekorativa p\u00e4rlor utan h\u00e5l f\u00f6r alla m\u00f6jliga projekt.<\/p>\n<p>P\u00e4rlor i akrylplast f\u00f6r dekoration p\u00e5 kl\u00e4der, v\u00e4skor mm.<\/p>\n<p>F\u00e4stes med nit med p\u00e4rls\u00e4ttare eller insats till knappress.<br \/>\nNitar k\u00f6pes separat. https:\/\/sewingheartdesign.com\/produkt\/bling-knapp-nit\/<\/p>\n<p>&nbsp;<\/p>\n<p><strong>Antal:<\/strong> ca 90-100 p\u00e4rlor av olika storlek. Ca 18-20 gr<\/p>\n<p><strong>Storlek:<\/strong> 4, 5, 6, 8, 10 mm<\/p>\n<p>&nbsp;<\/p>\n<p>Olika antal\/f\u00e4rger av varje storlek. Bilden \u00e4r enbart f\u00f6r f\u00e4rgh\u00e4nvisning.<br \/>\nEj exakt antal\/f\u00e4rg\/strl.<\/p>\n<p><strong>OBS:<\/strong> B\u00f6r ej anv\u00e4ndas i n\u00e4rheten av sm\u00e5 barn.<\/p>\n","protected":false},"excerpt":{"rendered":"<p><em>Dekorativa p\u00e4rlor f\u00f6r alla m\u00f6jliga projekt.<\/em><\/p>\n","protected":false},"featured_media":25175,"template":"","meta":[],"product_cat":[522048118],"product_tag":[],"class_list":{"0":"post-25167","1":"product","2":"type-product","3":"status-publish","4":"has-post-thumbnail","6":"product_cat-pearls","8":"first","9":"instock","10":"taxable","11":"shipping-taxable","12":"purchasable","13":"product-type-simple"},"_links":{"self":[{"href":"https:\/\/sewingheartdesign.com\/en\/wp-json\/wp\/v2\/product\/25167"}],"collection":[{"href":"https:\/\/sewingheartdesign.com\/en\/wp-json\/wp\/v2\/product"}],"about":[{"href":"https:\/\/sewingheartdesign.com\/en\/wp-json\/wp\/v2\/types\/product"}],"wp:featuredmedia":[{"embeddable":true,"href":"https:\/\/sewingheartdesign.com\/en\/wp-json\/wp\/v2\/media\/25175"}],"wp:attachment":[{"href":"https:\/\/sewingheartdesign.com\/en\/wp-json\/wp\/v2\/media?parent=25167"}],"wp:term":[{"taxonomy":"product_cat","embeddable":true,"href":"https:\/\/sewingheartdesign.com\/en\/wp-json\/wp\/v2\/product_cat?post=25167"},{"taxonomy":"product_tag","embeddable":true,"href":"https:\/\/sewingheartdesign.com\/en\/wp-json\/wp\/v2\/product_tag?post=25167"}],"curies":[{"name":"wp","href":"https:\/\/api.w.org\/{rel}","templated":true}]}}