{"id":25078,"date":"2020-03-27T22:58:47","date_gmt":"2020-03-27T21:58:47","guid":{"rendered":"https:\/\/sewingheartdesign.com\/?post_type=product&#038;p=25078"},"modified":"2024-05-22T15:51:26","modified_gmt":"2024-05-22T13:51:26","slug":"bling-parla-10mm-orange","status":"publish","type":"product","link":"https:\/\/sewingheartdesign.com\/en\/produkt\/bling-parla-10mm-orange\/","title":{"rendered":"Orange"},"content":{"rendered":"<p>Dekorativ bling-p\u00e4rla f\u00f6r alla m\u00f6jliga projekt.<\/p>\n<p>P\u00e4rlor i akrylplast f\u00f6r dekoration p\u00e5 kl\u00e4der, v\u00e4skor mm.<\/p>\n<p>F\u00e4stes med nit med p\u00e4rls\u00e4ttare eller insats till knappress.<br \/>\nNitar k\u00f6pes separat. https:\/\/sewingheartdesign.com\/produkt\/bling-knapp-nit\/<\/p>\n<p>&nbsp;<\/p>\n<p><strong>Storlek:<\/strong> 10 mm<\/p>\n<p><strong>OBS:<\/strong> B\u00f6r ej anv\u00e4ndas i n\u00e4rheten av sm\u00e5 barn.<\/p>\n","protected":false},"excerpt":{"rendered":"<p><em>Dekorativ bling-p\u00e4rla f\u00f6r alla m\u00f6jliga projekt.<\/em><\/p>\n","protected":false},"featured_media":25126,"template":"","meta":[],"product_cat":[522048307,522048102],"product_tag":[],"class_list":{"0":"post-25078","1":"product","2":"type-product","3":"status-publish","4":"has-post-thumbnail","6":"product_cat-grupperade-produkter","7":"product_cat-rea","9":"first","10":"instock","11":"sale","12":"taxable","13":"shipping-taxable","14":"purchasable","15":"product-type-simple"},"_links":{"self":[{"href":"https:\/\/sewingheartdesign.com\/en\/wp-json\/wp\/v2\/product\/25078"}],"collection":[{"href":"https:\/\/sewingheartdesign.com\/en\/wp-json\/wp\/v2\/product"}],"about":[{"href":"https:\/\/sewingheartdesign.com\/en\/wp-json\/wp\/v2\/types\/product"}],"wp:featuredmedia":[{"embeddable":true,"href":"https:\/\/sewingheartdesign.com\/en\/wp-json\/wp\/v2\/media\/25126"}],"wp:attachment":[{"href":"https:\/\/sewingheartdesign.com\/en\/wp-json\/wp\/v2\/media?parent=25078"}],"wp:term":[{"taxonomy":"product_cat","embeddable":true,"href":"https:\/\/sewingheartdesign.com\/en\/wp-json\/wp\/v2\/product_cat?post=25078"},{"taxonomy":"product_tag","embeddable":true,"href":"https:\/\/sewingheartdesign.com\/en\/wp-json\/wp\/v2\/product_tag?post=25078"}],"curies":[{"name":"wp","href":"https:\/\/api.w.org\/{rel}","templated":true}]}}