{"id":24851,"date":"2020-03-16T12:47:19","date_gmt":"2020-03-16T11:47:19","guid":{"rendered":"https:\/\/sewingheartdesign.com\/?post_type=product&#038;p=24851"},"modified":"2023-12-12T11:34:26","modified_gmt":"2023-12-12T10:34:26","slug":"oljett-10mm-svart","status":"publish","type":"product","link":"https:\/\/sewingheartdesign.com\/en\/produkt\/oljett-10mm-svart\/","title":{"rendered":"\u00d6ljett 10mm Svart"},"content":{"rendered":"<p>\u00d6ljetter Inv. h\u00e5l 10 mm, utv h\u00e5l 17 mm.<\/p>\n<p>Skapa snygga dekorationer med \u00f6ljetter och sn\u00f6ren eller bara f\u00f6r att det \u00e4r fint.<\/p>\n<p>&nbsp;<\/p>\n<p>Nickelfri metall. Extra tjock f\u00e4rg.<\/p>\n","protected":false},"excerpt":{"rendered":"<p>\u00d6ljetter Inv. h\u00e5l 10 mm, utv h\u00e5l 17 mm. Skapa snygga dekorationer med \u00f6ljetter och sn\u00f6ren eller bara f\u00f6r att det \u00e4r fint. &nbsp; Nickelfri metall. Extra tjock f\u00e4rg.<\/p>\n","protected":false},"featured_media":24884,"template":"","meta":[],"product_cat":[522048100],"product_tag":[],"class_list":{"0":"post-24851","1":"product","2":"type-product","3":"status-publish","4":"has-post-thumbnail","6":"product_cat-oljetter-10","8":"first","9":"instock","10":"taxable","11":"shipping-taxable","12":"purchasable","13":"product-type-variable"},"_links":{"self":[{"href":"https:\/\/sewingheartdesign.com\/en\/wp-json\/wp\/v2\/product\/24851"}],"collection":[{"href":"https:\/\/sewingheartdesign.com\/en\/wp-json\/wp\/v2\/product"}],"about":[{"href":"https:\/\/sewingheartdesign.com\/en\/wp-json\/wp\/v2\/types\/product"}],"wp:featuredmedia":[{"embeddable":true,"href":"https:\/\/sewingheartdesign.com\/en\/wp-json\/wp\/v2\/media\/24884"}],"wp:attachment":[{"href":"https:\/\/sewingheartdesign.com\/en\/wp-json\/wp\/v2\/media?parent=24851"}],"wp:term":[{"taxonomy":"product_cat","embeddable":true,"href":"https:\/\/sewingheartdesign.com\/en\/wp-json\/wp\/v2\/product_cat?post=24851"},{"taxonomy":"product_tag","embeddable":true,"href":"https:\/\/sewingheartdesign.com\/en\/wp-json\/wp\/v2\/product_tag?post=24851"}],"curies":[{"name":"wp","href":"https:\/\/api.w.org\/{rel}","templated":true}]}}