{"id":24760,"date":"2020-03-16T12:33:57","date_gmt":"2020-03-16T11:33:57","guid":{"rendered":"https:\/\/sewingheartdesign.com\/?post_type=product&#038;p=24760"},"modified":"2023-12-12T11:25:03","modified_gmt":"2023-12-12T10:25:03","slug":"oljett-8mm-mjolkchoklad","status":"publish","type":"product","link":"https:\/\/sewingheartdesign.com\/en\/produkt\/oljett-8mm-mjolkchoklad\/","title":{"rendered":"\u00d6ljett 8mm Mj\u00f6lkchoklad"},"content":{"rendered":"<p>\u00d6ljetter Inv. h\u00e5l 8mm, utv h\u00e5l 14mm.<\/p>\n<p>Skapa snygga dekorationer med \u00f6ljetter och sn\u00f6ren eller bara f\u00f6r att det \u00e4r fint.<\/p>\n<p>&nbsp;<\/p>\n<p>Nickelfri metall. Extra tjock f\u00e4rg.<\/p>\n","protected":false},"excerpt":{"rendered":"<p>\u00d6ljetter Inv. h\u00e5l 8mm, utv h\u00e5l 14mm. Skapa snygga dekorationer med \u00f6ljetter och sn\u00f6ren eller bara f\u00f6r att det \u00e4r fint. &nbsp; Nickelfri metall. Extra tjock f\u00e4rg.<\/p>\n","protected":false},"featured_media":24647,"template":"","meta":[],"product_cat":[522048099],"product_tag":[],"class_list":{"0":"post-24760","1":"product","2":"type-product","3":"status-publish","4":"has-post-thumbnail","6":"product_cat-oljetter-8","8":"first","9":"instock","10":"taxable","11":"shipping-taxable","12":"purchasable","13":"product-type-variable"},"_links":{"self":[{"href":"https:\/\/sewingheartdesign.com\/en\/wp-json\/wp\/v2\/product\/24760"}],"collection":[{"href":"https:\/\/sewingheartdesign.com\/en\/wp-json\/wp\/v2\/product"}],"about":[{"href":"https:\/\/sewingheartdesign.com\/en\/wp-json\/wp\/v2\/types\/product"}],"wp:featuredmedia":[{"embeddable":true,"href":"https:\/\/sewingheartdesign.com\/en\/wp-json\/wp\/v2\/media\/24647"}],"wp:attachment":[{"href":"https:\/\/sewingheartdesign.com\/en\/wp-json\/wp\/v2\/media?parent=24760"}],"wp:term":[{"taxonomy":"product_cat","embeddable":true,"href":"https:\/\/sewingheartdesign.com\/en\/wp-json\/wp\/v2\/product_cat?post=24760"},{"taxonomy":"product_tag","embeddable":true,"href":"https:\/\/sewingheartdesign.com\/en\/wp-json\/wp\/v2\/product_tag?post=24760"}],"curies":[{"name":"wp","href":"https:\/\/api.w.org\/{rel}","templated":true}]}}