{"id":2459,"date":"2019-04-11T19:42:10","date_gmt":"2019-04-11T17:42:10","guid":{"rendered":"https:\/\/sewingheartdesign.com\/?post_type=product&#038;p=2459"},"modified":"2022-09-25T21:28:00","modified_gmt":"2022-09-25T19:28:00","slug":"pressverktyg-oljett-5mm","status":"publish","type":"product","link":"https:\/\/sewingheartdesign.com\/en\/produkt\/pressverktyg-oljett-5mm\/","title":{"rendered":"Pressverktyg \u00f6ljett 5mm"},"content":{"rendered":"<p><em>Insats f\u00f6r \u00f6ljett.<\/em><\/p>\n<p>&nbsp;<\/p>\n<p>Passar inv h\u00e5l: 5 mm<\/p>\n<p>&nbsp;<\/p>\n<p><strong>Ing\u00e5r:<\/strong> \u00f6vre och nedre insatser<\/p>\n<p><strong>Passar till:<\/strong> knappress av modell DK-93<\/p>\n<p>OBS! \u00d6ljetter \/ knappress ing\u00e5r ej.<\/p>\n","protected":false},"excerpt":{"rendered":"<p><em>Insats f\u00f6r \u00f6ljett.<\/em><\/p>\n","protected":false},"featured_media":13121,"template":"","meta":[],"product_cat":[522047877,522048212],"product_tag":[],"class_list":{"0":"post-2459","1":"product","2":"type-product","3":"status-publish","4":"has-post-thumbnail","6":"product_cat-modell93","7":"product_cat-pressinsats-dk-93-oljetter","9":"first","10":"instock","11":"taxable","12":"shipping-taxable","13":"purchasable","14":"product-type-simple"},"_links":{"self":[{"href":"https:\/\/sewingheartdesign.com\/en\/wp-json\/wp\/v2\/product\/2459"}],"collection":[{"href":"https:\/\/sewingheartdesign.com\/en\/wp-json\/wp\/v2\/product"}],"about":[{"href":"https:\/\/sewingheartdesign.com\/en\/wp-json\/wp\/v2\/types\/product"}],"wp:featuredmedia":[{"embeddable":true,"href":"https:\/\/sewingheartdesign.com\/en\/wp-json\/wp\/v2\/media\/13121"}],"wp:attachment":[{"href":"https:\/\/sewingheartdesign.com\/en\/wp-json\/wp\/v2\/media?parent=2459"}],"wp:term":[{"taxonomy":"product_cat","embeddable":true,"href":"https:\/\/sewingheartdesign.com\/en\/wp-json\/wp\/v2\/product_cat?post=2459"},{"taxonomy":"product_tag","embeddable":true,"href":"https:\/\/sewingheartdesign.com\/en\/wp-json\/wp\/v2\/product_tag?post=2459"}],"curies":[{"name":"wp","href":"https:\/\/api.w.org\/{rel}","templated":true}]}}