{"id":24540,"date":"2020-03-15T23:25:36","date_gmt":"2020-03-15T22:25:36","guid":{"rendered":"https:\/\/sewingheartdesign.com\/?post_type=product&#038;p=24540"},"modified":"2024-03-26T06:57:34","modified_gmt":"2024-03-26T05:57:34","slug":"oljett-5mm-rod","status":"publish","type":"product","link":"https:\/\/sewingheartdesign.com\/en\/produkt\/oljett-5mm-rod\/","title":{"rendered":"\u00d6ljett 5mm R\u00f6d"},"content":{"rendered":"<p>\u00d6ljetter Inv. h\u00e5l 5mm, utv h\u00e5l 10mm.<\/p>\n<p>Skapa snygga dekorationer med \u00f6ljetter och sn\u00f6ren eller bara f\u00f6r att det \u00e4r fint.<\/p>\n<p>&nbsp;<\/p>\n<p>Nickelfri metall. Extra tjock f\u00e4rg.<\/p>\n","protected":false},"excerpt":{"rendered":"<p>\u00d6ljetter Inv. h\u00e5l 5mm, utv h\u00e5l 10mm. Skapa snygga dekorationer med \u00f6ljetter och sn\u00f6ren eller bara f\u00f6r att det \u00e4r fint. &nbsp; Nickelfri metall. Extra tjock f\u00e4rg.<\/p>\n","protected":false},"featured_media":24580,"template":"","meta":[],"product_cat":[522048098],"product_tag":[],"class_list":{"0":"post-24540","1":"product","2":"type-product","3":"status-publish","4":"has-post-thumbnail","6":"product_cat-oljetter-5","8":"first","9":"instock","10":"taxable","11":"shipping-taxable","12":"purchasable","13":"product-type-variable"},"_links":{"self":[{"href":"https:\/\/sewingheartdesign.com\/en\/wp-json\/wp\/v2\/product\/24540"}],"collection":[{"href":"https:\/\/sewingheartdesign.com\/en\/wp-json\/wp\/v2\/product"}],"about":[{"href":"https:\/\/sewingheartdesign.com\/en\/wp-json\/wp\/v2\/types\/product"}],"wp:featuredmedia":[{"embeddable":true,"href":"https:\/\/sewingheartdesign.com\/en\/wp-json\/wp\/v2\/media\/24580"}],"wp:attachment":[{"href":"https:\/\/sewingheartdesign.com\/en\/wp-json\/wp\/v2\/media?parent=24540"}],"wp:term":[{"taxonomy":"product_cat","embeddable":true,"href":"https:\/\/sewingheartdesign.com\/en\/wp-json\/wp\/v2\/product_cat?post=24540"},{"taxonomy":"product_tag","embeddable":true,"href":"https:\/\/sewingheartdesign.com\/en\/wp-json\/wp\/v2\/product_tag?post=24540"}],"curies":[{"name":"wp","href":"https:\/\/api.w.org\/{rel}","templated":true}]}}