{"id":24309,"date":"2020-03-13T14:38:29","date_gmt":"2020-03-13T13:38:29","guid":{"rendered":"https:\/\/sewingheartdesign.com\/?post_type=product&#038;p=24309"},"modified":"2023-12-22T15:00:00","modified_gmt":"2023-12-22T14:00:00","slug":"t5-knappar-appelgron","status":"publish","type":"product","link":"https:\/\/sewingheartdesign.com\/en\/product\/t5-knappar-appelgron\/","title":{"rendered":"KAM T5 knappar \u00c4ppelgr\u00f6n"},"content":{"rendered":"<p>KAM T5<\/p>\n<p>Resin tryckknappar<\/p>\n<p>Anv\u00e4nd knappressen med insats f\u00f6r KAM-knappar f\u00f6r att s\u00e4tta fast knappen p\u00e5 plagget.<\/p>\n<p>Finns i 25 olika f\u00e4rgnyanser.<\/p>\n<p>&nbsp;<\/p>\n<p><strong>Storlek:<\/strong> 12.6mm<\/p>\n","protected":false},"excerpt":{"rendered":"<p>KAM T5 (12.6mm)<\/p>\n<p>Resin tryckknappar<\/p>\n","protected":false},"featured_media":24197,"template":"","meta":[],"product_cat":[522048096],"product_tag":[],"class_list":{"0":"post-24309","1":"product","2":"type-product","3":"status-publish","4":"has-post-thumbnail","6":"product_cat-kam-t5","8":"first","9":"instock","10":"taxable","11":"shipping-taxable","12":"purchasable","13":"product-type-variable"},"_links":{"self":[{"href":"https:\/\/sewingheartdesign.com\/en\/wp-json\/wp\/v2\/product\/24309"}],"collection":[{"href":"https:\/\/sewingheartdesign.com\/en\/wp-json\/wp\/v2\/product"}],"about":[{"href":"https:\/\/sewingheartdesign.com\/en\/wp-json\/wp\/v2\/types\/product"}],"wp:featuredmedia":[{"embeddable":true,"href":"https:\/\/sewingheartdesign.com\/en\/wp-json\/wp\/v2\/media\/24197"}],"wp:attachment":[{"href":"https:\/\/sewingheartdesign.com\/en\/wp-json\/wp\/v2\/media?parent=24309"}],"wp:term":[{"taxonomy":"product_cat","embeddable":true,"href":"https:\/\/sewingheartdesign.com\/en\/wp-json\/wp\/v2\/product_cat?post=24309"},{"taxonomy":"product_tag","embeddable":true,"href":"https:\/\/sewingheartdesign.com\/en\/wp-json\/wp\/v2\/product_tag?post=24309"}],"curies":[{"name":"wp","href":"https:\/\/api.w.org\/{rel}","templated":true}]}}