{"id":24276,"date":"2020-03-13T13:43:43","date_gmt":"2020-03-13T12:43:43","guid":{"rendered":"https:\/\/sewingheartdesign.com\/?post_type=product&#038;p=24276"},"modified":"2024-11-02T21:22:34","modified_gmt":"2024-11-02T20:22:34","slug":"t5-knappar-morkbla","status":"publish","type":"product","link":"https:\/\/sewingheartdesign.com\/en\/produkt\/t5-knappar-morkbla\/","title":{"rendered":"KAM T5 knappar M\u00f6rkbl\u00e5"},"content":{"rendered":"<p>KAM T5<\/p>\n<p>Resin tryckknappar<\/p>\n<p>Anv\u00e4nd knappressen med insats f\u00f6r KAM-knappar f\u00f6r att s\u00e4tta fast knappen p\u00e5 plagget.<\/p>\n<p>Finns i 25 olika f\u00e4rgnyanser.<\/p>\n<p>&nbsp;<\/p>\n<p><strong>Storlek:<\/strong> 12.6mm<\/p>\n","protected":false},"excerpt":{"rendered":"<p>KAM T5 (12.6mm)<\/p>\n<p>Resin tryckknappar<\/p>\n","protected":false},"featured_media":24181,"template":"","meta":[],"product_cat":[522048096],"product_tag":[],"class_list":{"0":"post-24276","1":"product","2":"type-product","3":"status-publish","4":"has-post-thumbnail","6":"product_cat-kam-t5","8":"first","9":"instock","10":"taxable","11":"shipping-taxable","12":"purchasable","13":"product-type-variable"},"_links":{"self":[{"href":"https:\/\/sewingheartdesign.com\/en\/wp-json\/wp\/v2\/product\/24276"}],"collection":[{"href":"https:\/\/sewingheartdesign.com\/en\/wp-json\/wp\/v2\/product"}],"about":[{"href":"https:\/\/sewingheartdesign.com\/en\/wp-json\/wp\/v2\/types\/product"}],"wp:featuredmedia":[{"embeddable":true,"href":"https:\/\/sewingheartdesign.com\/en\/wp-json\/wp\/v2\/media\/24181"}],"wp:attachment":[{"href":"https:\/\/sewingheartdesign.com\/en\/wp-json\/wp\/v2\/media?parent=24276"}],"wp:term":[{"taxonomy":"product_cat","embeddable":true,"href":"https:\/\/sewingheartdesign.com\/en\/wp-json\/wp\/v2\/product_cat?post=24276"},{"taxonomy":"product_tag","embeddable":true,"href":"https:\/\/sewingheartdesign.com\/en\/wp-json\/wp\/v2\/product_tag?post=24276"}],"curies":[{"name":"wp","href":"https:\/\/api.w.org\/{rel}","templated":true}]}}