{"id":23766,"date":"2020-03-06T14:03:00","date_gmt":"2020-03-06T13:03:00","guid":{"rendered":"https:\/\/sewingheartdesign.com\/?post_type=product&#038;p=23766"},"modified":"2023-09-24T15:48:16","modified_gmt":"2023-09-24T13:48:16","slug":"pressverktyg-halslag-10mm","status":"publish","type":"product","link":"https:\/\/sewingheartdesign.com\/en\/produkt\/pressverktyg-halslag-10mm\/","title":{"rendered":"10 mm"},"content":{"rendered":"<p>Insats f\u00f6r h\u00e5ltagning.<\/p>\n<p>Storlek p\u00e5 h\u00e5let: 10mm<\/p>\n<p>&nbsp;<\/p>\n<p><strong>Ing\u00e5r:<\/strong> \u00f6vre och nedre insatser<\/p>\n<p><strong>Passar till:<\/strong> knappress av modell DK-93<\/p>\n<p>OBS! Knappress ing\u00e5r ej.<\/p>\n","protected":false},"excerpt":{"rendered":"<p>Insats f\u00f6r h\u00e5ltagning. Storlek p\u00e5 h\u00e5let: 10mm &nbsp; Ing\u00e5r: \u00f6vre och nedre insatser Passar till: knappress av modell DK-93 OBS! Knappress ing\u00e5r ej.<\/p>\n","protected":false},"featured_media":13115,"template":"","meta":[],"product_cat":[522048307],"product_tag":[],"class_list":{"0":"post-23766","1":"product","2":"type-product","3":"status-publish","4":"has-post-thumbnail","6":"product_cat-grupperade-produkter","8":"first","9":"instock","10":"taxable","11":"shipping-taxable","12":"purchasable","13":"product-type-simple"},"_links":{"self":[{"href":"https:\/\/sewingheartdesign.com\/en\/wp-json\/wp\/v2\/product\/23766"}],"collection":[{"href":"https:\/\/sewingheartdesign.com\/en\/wp-json\/wp\/v2\/product"}],"about":[{"href":"https:\/\/sewingheartdesign.com\/en\/wp-json\/wp\/v2\/types\/product"}],"wp:featuredmedia":[{"embeddable":true,"href":"https:\/\/sewingheartdesign.com\/en\/wp-json\/wp\/v2\/media\/13115"}],"wp:attachment":[{"href":"https:\/\/sewingheartdesign.com\/en\/wp-json\/wp\/v2\/media?parent=23766"}],"wp:term":[{"taxonomy":"product_cat","embeddable":true,"href":"https:\/\/sewingheartdesign.com\/en\/wp-json\/wp\/v2\/product_cat?post=23766"},{"taxonomy":"product_tag","embeddable":true,"href":"https:\/\/sewingheartdesign.com\/en\/wp-json\/wp\/v2\/product_tag?post=23766"}],"curies":[{"name":"wp","href":"https:\/\/api.w.org\/{rel}","templated":true}]}}