{"id":23722,"date":"2020-03-06T13:46:45","date_gmt":"2020-03-06T12:46:45","guid":{"rendered":"https:\/\/sewingheartdesign.com\/?post_type=product&#038;p=23722"},"modified":"2022-01-03T11:33:49","modified_gmt":"2022-01-03T10:33:49","slug":"pressverktyg-oljett-6mm","status":"publish","type":"product","link":"https:\/\/sewingheartdesign.com\/en\/product\/pressverktyg-oljett-6mm\/","title":{"rendered":"Pressverktyg \u00f6ljett 6mm"},"content":{"rendered":"<p><em>Insats f\u00f6r \u00f6ljett.<\/em><\/p>\n<p>&nbsp;<\/p>\n<p>Passar inv h\u00e5l: 6 mm<\/p>\n<p>&nbsp;<\/p>\n<p><strong>Ing\u00e5r:<\/strong> \u00f6vre och nedre insatser<\/p>\n<p><strong>Passar till:<\/strong> knappress av modell DK-93<\/p>\n<p>OBS! \u00d6ljetter \/ knappress ing\u00e5r ej.<\/p>\n<p>&nbsp;<br \/>\n<iframe width=\"1280\" height=\"720\" src=\"https:\/\/www.youtube.com\/embed\/vPKMwebaqlQ\" frameborder=\"0\" allow=\"accelerometer; autoplay; encrypted-media; gyroscope; picture-in-picture\" allowfullscreen><\/iframe><\/p>\n","protected":false},"excerpt":{"rendered":"<p><em>Insats f\u00f6r \u00f6ljett.<\/em><\/p>\n","protected":false},"featured_media":13122,"template":"","meta":[],"product_cat":[522047877,522048212],"product_tag":[],"class_list":{"0":"post-23722","1":"product","2":"type-product","3":"status-publish","4":"has-post-thumbnail","6":"product_cat-modell93","7":"product_cat-pressinsats-dk-93-oljetter","9":"first","10":"instock","11":"taxable","12":"shipping-taxable","13":"purchasable","14":"product-type-simple"},"_links":{"self":[{"href":"https:\/\/sewingheartdesign.com\/en\/wp-json\/wp\/v2\/product\/23722"}],"collection":[{"href":"https:\/\/sewingheartdesign.com\/en\/wp-json\/wp\/v2\/product"}],"about":[{"href":"https:\/\/sewingheartdesign.com\/en\/wp-json\/wp\/v2\/types\/product"}],"wp:featuredmedia":[{"embeddable":true,"href":"https:\/\/sewingheartdesign.com\/en\/wp-json\/wp\/v2\/media\/13122"}],"wp:attachment":[{"href":"https:\/\/sewingheartdesign.com\/en\/wp-json\/wp\/v2\/media?parent=23722"}],"wp:term":[{"taxonomy":"product_cat","embeddable":true,"href":"https:\/\/sewingheartdesign.com\/en\/wp-json\/wp\/v2\/product_cat?post=23722"},{"taxonomy":"product_tag","embeddable":true,"href":"https:\/\/sewingheartdesign.com\/en\/wp-json\/wp\/v2\/product_tag?post=23722"}],"curies":[{"name":"wp","href":"https:\/\/api.w.org\/{rel}","templated":true}]}}