{"id":21064,"date":"2020-01-28T12:21:14","date_gmt":"2020-01-28T11:21:14","guid":{"rendered":"https:\/\/sewingheartdesign.com\/?post_type=product&#038;p=21064"},"modified":"2024-08-25T17:48:03","modified_gmt":"2024-08-25T15:48:03","slug":"hood-snore-cerise","status":"publish","type":"product","link":"https:\/\/sewingheartdesign.com\/en\/produkt\/hood-snore-cerise\/","title":{"rendered":"Hood sn\u00f6re cerise"},"content":{"rendered":"<p>Tuffa sn\u00f6ren till hoodtr\u00f6jor, jackor, v\u00e4skor mm.<\/p>\n<p>2,4 cm bred och 120 cm l\u00e5ng.<\/p>\n<p>Passar till 10 mm \u00f6ljett<\/p>\n","protected":false},"excerpt":{"rendered":"<p><em>Coolt hoodsn\u00f6re<\/em><\/p>\n","protected":false},"featured_media":13158,"template":"","meta":[],"product_cat":[522048125],"product_tag":[],"class_list":{"0":"post-21064","1":"product","2":"type-product","3":"status-publish","4":"has-post-thumbnail","6":"product_cat-hoodband","8":"first","9":"instock","10":"taxable","11":"shipping-taxable","12":"purchasable","13":"product-type-simple"},"_links":{"self":[{"href":"https:\/\/sewingheartdesign.com\/en\/wp-json\/wp\/v2\/product\/21064"}],"collection":[{"href":"https:\/\/sewingheartdesign.com\/en\/wp-json\/wp\/v2\/product"}],"about":[{"href":"https:\/\/sewingheartdesign.com\/en\/wp-json\/wp\/v2\/types\/product"}],"wp:featuredmedia":[{"embeddable":true,"href":"https:\/\/sewingheartdesign.com\/en\/wp-json\/wp\/v2\/media\/13158"}],"wp:attachment":[{"href":"https:\/\/sewingheartdesign.com\/en\/wp-json\/wp\/v2\/media?parent=21064"}],"wp:term":[{"taxonomy":"product_cat","embeddable":true,"href":"https:\/\/sewingheartdesign.com\/en\/wp-json\/wp\/v2\/product_cat?post=21064"},{"taxonomy":"product_tag","embeddable":true,"href":"https:\/\/sewingheartdesign.com\/en\/wp-json\/wp\/v2\/product_tag?post=21064"}],"curies":[{"name":"wp","href":"https:\/\/api.w.org\/{rel}","templated":true}]}}