{"id":1885,"date":"2019-02-08T00:07:57","date_gmt":"2019-02-07T23:07:57","guid":{"rendered":"https:\/\/sewingheartdesign.com\/?post_type=product&#038;p=1885"},"modified":"2025-10-28T14:41:50","modified_gmt":"2025-10-28T13:41:50","slug":"skruv-till-adapterplatta-m4-2-p","status":"publish","type":"product","link":"https:\/\/sewingheartdesign.com\/en\/produkt\/skruv-till-adapterplatta-m4-2-p\/","title":{"rendered":"Skruv till adapterplatta, M4, 2-p"},"content":{"rendered":"<p>2 st skruv, M4, f\u00f6r att montera adapterplattan p\u00e5 t\u00e4cks\u00f6mmaskinen. Passar tex Brother, Babylock.<\/p>\n<p>&nbsp;<\/p>\n<p><strong>Anv\u00e4nds till:<\/strong> adapterplatta<\/p>\n<p><strong>Ing\u00e5r:<\/strong>\u00a02 st skruv<\/p>\n<p><strong>Passar till:<\/strong>\u00a0Brother, Babylock<\/p>\n<p><strong>L\u00e4ngd:<\/strong>\u00a06 mm<\/p>\n<p>&nbsp;<\/p>\n<p>OBS! Bandkantare \/ basplatta ing\u00e5r ej.<\/p>\n","protected":false},"excerpt":{"rendered":"<p>Extra skruv till adapterplatta, M4, 2-p<\/p>\n","protected":false},"featured_media":1898,"template":"","meta":[],"product_cat":[522047846],"product_tag":[],"class_list":{"0":"post-1885","1":"product","2":"type-product","3":"status-publish","4":"has-post-thumbnail","6":"product_cat-bandkantare","8":"first","9":"instock","10":"taxable","11":"shipping-taxable","12":"purchasable","13":"product-type-simple"},"_links":{"self":[{"href":"https:\/\/sewingheartdesign.com\/en\/wp-json\/wp\/v2\/product\/1885"}],"collection":[{"href":"https:\/\/sewingheartdesign.com\/en\/wp-json\/wp\/v2\/product"}],"about":[{"href":"https:\/\/sewingheartdesign.com\/en\/wp-json\/wp\/v2\/types\/product"}],"wp:featuredmedia":[{"embeddable":true,"href":"https:\/\/sewingheartdesign.com\/en\/wp-json\/wp\/v2\/media\/1898"}],"wp:attachment":[{"href":"https:\/\/sewingheartdesign.com\/en\/wp-json\/wp\/v2\/media?parent=1885"}],"wp:term":[{"taxonomy":"product_cat","embeddable":true,"href":"https:\/\/sewingheartdesign.com\/en\/wp-json\/wp\/v2\/product_cat?post=1885"},{"taxonomy":"product_tag","embeddable":true,"href":"https:\/\/sewingheartdesign.com\/en\/wp-json\/wp\/v2\/product_tag?post=1885"}],"curies":[{"name":"wp","href":"https:\/\/api.w.org\/{rel}","templated":true}]}}