{"id":1778,"date":"2019-02-06T17:55:21","date_gmt":"2019-02-06T16:55:21","guid":{"rendered":"https:\/\/sewingheartdesign.com\/?post_type=product&#038;p=1778"},"modified":"2023-09-21T13:13:58","modified_gmt":"2023-09-21T11:13:58","slug":"pressverktyg-12-5mm-jackknapp","status":"publish","type":"product","link":"https:\/\/sewingheartdesign.com\/en\/produkt\/pressverktyg-12-5mm-jackknapp\/","title":{"rendered":"Pressverktyg 12.5mm jackknapp"},"content":{"rendered":"<p>Insats f\u00f6r 12.5mm tryckknappar f\u00f6r tex jackor, byxor, v\u00e4skor mm.<\/p>\n<p>&nbsp;<\/p>\n<p><strong>Anv\u00e4nds med:<\/strong> 12.5mm tryckknapp<\/p>\n<p><strong>Ing\u00e5r:<\/strong> \u00f6vre och nedre insatser.<\/p>\n<p><strong>Passar till:<\/strong> knappress av modell DK-93<\/p>\n<p>&nbsp;<\/p>\n<p>OBS! Tryckknappar \/ knappress ing\u00e5r ej.<\/p>\n","protected":false},"excerpt":{"rendered":"<p>Insats f\u00f6r 12.5mm tryckknappar f\u00f6r tex jackor, byxor, v\u00e4skor mm.<\/p>\n","protected":false},"featured_media":1764,"template":"","meta":[],"product_cat":[522047877,522048213],"product_tag":[],"class_list":{"0":"post-1778","1":"product","2":"type-product","3":"status-publish","4":"has-post-thumbnail","6":"product_cat-modell93","7":"product_cat-pressinsats-dk-93-jackknapp","9":"first","10":"instock","11":"taxable","12":"shipping-taxable","13":"purchasable","14":"product-type-simple"},"_links":{"self":[{"href":"https:\/\/sewingheartdesign.com\/en\/wp-json\/wp\/v2\/product\/1778"}],"collection":[{"href":"https:\/\/sewingheartdesign.com\/en\/wp-json\/wp\/v2\/product"}],"about":[{"href":"https:\/\/sewingheartdesign.com\/en\/wp-json\/wp\/v2\/types\/product"}],"wp:featuredmedia":[{"embeddable":true,"href":"https:\/\/sewingheartdesign.com\/en\/wp-json\/wp\/v2\/media\/1764"}],"wp:attachment":[{"href":"https:\/\/sewingheartdesign.com\/en\/wp-json\/wp\/v2\/media?parent=1778"}],"wp:term":[{"taxonomy":"product_cat","embeddable":true,"href":"https:\/\/sewingheartdesign.com\/en\/wp-json\/wp\/v2\/product_cat?post=1778"},{"taxonomy":"product_tag","embeddable":true,"href":"https:\/\/sewingheartdesign.com\/en\/wp-json\/wp\/v2\/product_tag?post=1778"}],"curies":[{"name":"wp","href":"https:\/\/api.w.org\/{rel}","templated":true}]}}