{"id":1743,"date":"2019-02-05T00:16:35","date_gmt":"2019-02-04T23:16:35","guid":{"rendered":"https:\/\/sewingheartdesign.com\/?post_type=product&#038;p=1743"},"modified":"2025-08-13T14:44:44","modified_gmt":"2025-08-13T12:44:44","slug":"skruv-till-adapterplatta-m3","status":"publish","type":"product","link":"https:\/\/sewingheartdesign.com\/en\/produkt\/skruv-till-adapterplatta-m3\/","title":{"rendered":"Skruv till adapterplatta, M3, 2-p"},"content":{"rendered":"<p><em>Passar t\u00e4cks\u00f6mmaskiner fr\u00e5n tex Bernina.mfl<\/em><\/p>\n<p>2 st skruv, M3, f\u00f6r att montera adapterplattan p\u00e5 t\u00e4cks\u00f6mmaskinen. Passar tex Bernina.<\/p>\n<p>&nbsp;<\/p>\n<p><strong>Ing\u00e5r:<\/strong>\u00a02 st skruv<\/p>\n<p><strong>Passar till:<\/strong>\u00a0universal basplatta<\/p>\n<p><strong>L\u00e4ngd:<\/strong>\u00a06 mm<\/p>\n<p>&nbsp;<\/p>\n<p>OBS! Bandkantare \/ basplatta ing\u00e5r ej.<\/p>\n","protected":false},"excerpt":{"rendered":"<p>Extra skruv till adapterplatta, M3, 2-p<\/p>\n","protected":false},"featured_media":1898,"template":"","meta":[],"product_cat":[522047846],"product_tag":[],"class_list":{"0":"post-1743","1":"product","2":"type-product","3":"status-publish","4":"has-post-thumbnail","6":"product_cat-bandkantare","8":"first","9":"instock","10":"taxable","11":"shipping-taxable","12":"purchasable","13":"product-type-simple"},"_links":{"self":[{"href":"https:\/\/sewingheartdesign.com\/en\/wp-json\/wp\/v2\/product\/1743"}],"collection":[{"href":"https:\/\/sewingheartdesign.com\/en\/wp-json\/wp\/v2\/product"}],"about":[{"href":"https:\/\/sewingheartdesign.com\/en\/wp-json\/wp\/v2\/types\/product"}],"wp:featuredmedia":[{"embeddable":true,"href":"https:\/\/sewingheartdesign.com\/en\/wp-json\/wp\/v2\/media\/1898"}],"wp:attachment":[{"href":"https:\/\/sewingheartdesign.com\/en\/wp-json\/wp\/v2\/media?parent=1743"}],"wp:term":[{"taxonomy":"product_cat","embeddable":true,"href":"https:\/\/sewingheartdesign.com\/en\/wp-json\/wp\/v2\/product_cat?post=1743"},{"taxonomy":"product_tag","embeddable":true,"href":"https:\/\/sewingheartdesign.com\/en\/wp-json\/wp\/v2\/product_tag?post=1743"}],"curies":[{"name":"wp","href":"https:\/\/api.w.org\/{rel}","templated":true}]}}