{"id":1742,"date":"2019-02-05T00:13:57","date_gmt":"2019-02-04T23:13:57","guid":{"rendered":"https:\/\/sewingheartdesign.com\/?post_type=product&#038;p=1742"},"modified":"2025-10-27T16:49:28","modified_gmt":"2025-10-27T15:49:28","slug":"kort-skruv-till-basplatta","status":"publish","type":"product","link":"https:\/\/sewingheartdesign.com\/en\/produkt\/kort-skruv-till-basplatta\/","title":{"rendered":"Kort skruv till basplatta"},"content":{"rendered":"<p>Passar t\u00e4cks\u00f6mmaskiner fr\u00e5n tex Juki, Babylock, Bernina, Brother.mfl<\/p>\n<p>Kort skruv med stort huvud f\u00f6r enkelt grepp. Anv\u00e4nds f\u00f6r att montera bandkantare p\u00e5 basplattan eller mot t\u00e4cks\u00f6mmaskinen.<\/p>\n<p>&nbsp;<\/p>\n<p><strong>Anv\u00e4nds till:<\/strong>\u00a0universal basplatta<\/p>\n<p><strong>L\u00e4ngd:<\/strong> 6 mm<\/p>\n<p>&nbsp;<\/p>\n<p>OBS! Bandkantare \/ basplatta ing\u00e5r ej.<\/p>\n","protected":false},"excerpt":{"rendered":"<p><em>Passar t\u00e4cks\u00f6mmaskiner fr\u00e5n tex Juki, Babylock, Bernina, Brother.mfl<\/em><\/p>\n","protected":false},"featured_media":24906,"template":"","meta":[],"product_cat":[522047846],"product_tag":[],"class_list":{"0":"post-1742","1":"product","2":"type-product","3":"status-publish","4":"has-post-thumbnail","6":"product_cat-bandkantare","8":"first","9":"instock","10":"taxable","11":"shipping-taxable","12":"purchasable","13":"product-type-simple"},"_links":{"self":[{"href":"https:\/\/sewingheartdesign.com\/en\/wp-json\/wp\/v2\/product\/1742"}],"collection":[{"href":"https:\/\/sewingheartdesign.com\/en\/wp-json\/wp\/v2\/product"}],"about":[{"href":"https:\/\/sewingheartdesign.com\/en\/wp-json\/wp\/v2\/types\/product"}],"wp:featuredmedia":[{"embeddable":true,"href":"https:\/\/sewingheartdesign.com\/en\/wp-json\/wp\/v2\/media\/24906"}],"wp:attachment":[{"href":"https:\/\/sewingheartdesign.com\/en\/wp-json\/wp\/v2\/media?parent=1742"}],"wp:term":[{"taxonomy":"product_cat","embeddable":true,"href":"https:\/\/sewingheartdesign.com\/en\/wp-json\/wp\/v2\/product_cat?post=1742"},{"taxonomy":"product_tag","embeddable":true,"href":"https:\/\/sewingheartdesign.com\/en\/wp-json\/wp\/v2\/product_tag?post=1742"}],"curies":[{"name":"wp","href":"https:\/\/api.w.org\/{rel}","templated":true}]}}