{"id":1717,"date":"2019-01-30T11:37:39","date_gmt":"2019-01-30T10:37:39","guid":{"rendered":"https:\/\/sewingheartdesign.com\/?post_type=product&#038;p=1717"},"modified":"2025-11-20T19:26:28","modified_gmt":"2025-11-20T18:26:28","slug":"pressverktyg-dk-93-ab","status":"publish","type":"product","link":"https:\/\/sewingheartdesign.com\/en\/product\/pressverktyg-dk-93-ab\/","title":{"rendered":"11mm tryckknapp (Prym 10mm) eller vita\/svarta pluppar"},"content":{"rendered":"<p>Den h\u00e4r insatsen \u00e4r f\u00f6r att anv\u00e4ndas med eller\u00a0utan vita pluppar. Passar ringar, t\u00e4cka och pearl som \u00e4r 11mm.<\/p>\n<p><strong>Anv\u00e4nds direkt med ringar, t\u00e4cka och pearl som \u00e4r 11mm.<\/strong><br \/>\nDe of\u00e4rgade delarna (typ Prym\/Tyglycka mfl) \u00e4r ca 10,8mm. Den f\u00e4rgade delen \u00e4r 11mm (pearl \u00e4r ca 11,5mm) men heter olika: 10 mm prym-tryckknapppar, 10 mm tryckknappar fr\u00e5n Tyglycka\/ Elvelyckan\/ Knappshopen eller 11mm fr\u00e5n tex Aliexpress.<\/p>\n<p><strong>Anv\u00e4nds med vita\/svarta pluppar.<\/strong><br \/>\nBeh\u00f6vs om man anv\u00e4nder n\u00e5gon annan av <strong>Pryms insatser<\/strong> tex f\u00f6r \u00f6ljetter, color snaps mm eller om du har <strong>3exters knappar<\/strong> och deras svarta pluppar.<\/p>\n<p>&nbsp;<\/p>\n<p><strong>Anv\u00e4nds med:<\/strong>\u00a0ringar, t\u00e4cka och pearl som \u00e4r 11mm eller\u00a0vita\/svarta pluppar<\/p>\n<p><strong>Ing\u00e5r:<\/strong>\u00a0\u00f6vre och nedre insatser.<\/p>\n<p><strong>Passar till:<\/strong>\u00a0knappress av modell DK-93<\/p>\n<p>&nbsp;<\/p>\n<p>OBS! Tryckknappar, knappress, vita\/svarta pluppar ing\u00e5r ej.<\/p>\n","protected":false},"excerpt":{"rendered":"<p><span style=\"font-weight: 400;\">F\u00f6r ringar, t\u00e4cka och pearl som \u00e4r 11mm eller vita\/svarta pluppar.<\/span><\/p>\n","protected":false},"featured_media":34178,"template":"","meta":[],"product_cat":[522047877,522048214],"product_tag":[],"class_list":{"0":"post-1717","1":"product","2":"type-product","3":"status-publish","4":"has-post-thumbnail","6":"product_cat-modell93","7":"product_cat-pressinsats-dk-93-tryckknapp","9":"first","10":"instock","11":"taxable","12":"shipping-taxable","13":"purchasable","14":"product-type-simple"},"_links":{"self":[{"href":"https:\/\/sewingheartdesign.com\/en\/wp-json\/wp\/v2\/product\/1717"}],"collection":[{"href":"https:\/\/sewingheartdesign.com\/en\/wp-json\/wp\/v2\/product"}],"about":[{"href":"https:\/\/sewingheartdesign.com\/en\/wp-json\/wp\/v2\/types\/product"}],"wp:featuredmedia":[{"embeddable":true,"href":"https:\/\/sewingheartdesign.com\/en\/wp-json\/wp\/v2\/media\/34178"}],"wp:attachment":[{"href":"https:\/\/sewingheartdesign.com\/en\/wp-json\/wp\/v2\/media?parent=1717"}],"wp:term":[{"taxonomy":"product_cat","embeddable":true,"href":"https:\/\/sewingheartdesign.com\/en\/wp-json\/wp\/v2\/product_cat?post=1717"},{"taxonomy":"product_tag","embeddable":true,"href":"https:\/\/sewingheartdesign.com\/en\/wp-json\/wp\/v2\/product_tag?post=1717"}],"curies":[{"name":"wp","href":"https:\/\/api.w.org\/{rel}","templated":true}]}}