{"id":1716,"date":"2019-01-30T11:36:26","date_gmt":"2019-01-30T10:36:26","guid":{"rendered":"https:\/\/sewingheartdesign.com\/?post_type=product&#038;p=1716"},"modified":"2025-10-31T21:34:41","modified_gmt":"2025-10-31T20:34:41","slug":"pressverktyg-dk-93-b","status":"publish","type":"product","link":"https:\/\/sewingheartdesign.com\/en\/product\/pressverktyg-dk-93-b\/","title":{"rendered":"Vita\/svarta pluppar"},"content":{"rendered":"<p>Den h\u00e4r insatsen \u00e4r f\u00f6r att anv\u00e4ndas med vita\/svarta pluppar.<\/p>\n<p>Beh\u00f6vs om man anv\u00e4nder n\u00e5gon annan av Pryms insatser tex f\u00f6r \u00f6ljetter, color snaps mm eller om du har 3exters knappar och deras svarta pluppar.<\/p>\n<p>&nbsp;<\/p>\n<p><strong>Anv\u00e4nds med:<\/strong>\u00a0vita\/svarta pluppar<\/p>\n<p><strong>Ing\u00e5r:<\/strong>\u00a0\u00f6vre och nedre insatser<\/p>\n<p><strong>Passar till:<\/strong>\u00a0knappress av modell DK-93<\/p>\n<p>&nbsp;<\/p>\n<p>OBS! Tryckknappar, knappress, vita\/svarta pluppar ing\u00e5r ej.<\/p>\n<p>&nbsp;<\/p>\n<p><iframe src=\"https:\/\/www.youtube.com\/embed\/UFC6w45zNUc\" width=\"1280\" height=\"720\" frameborder=\"0\" allowfullscreen=\"allowfullscreen\"><\/iframe><\/p>\n","protected":false},"excerpt":{"rendered":"<p>Anv\u00e4nds med vita\/svarta pluppar.<\/p>\n","protected":false},"featured_media":34184,"template":"","meta":[],"product_cat":[522047877,522048214],"product_tag":[],"class_list":{"0":"post-1716","1":"product","2":"type-product","3":"status-publish","4":"has-post-thumbnail","6":"product_cat-modell93","7":"product_cat-pressinsats-dk-93-tryckknapp","9":"first","10":"instock","11":"taxable","12":"shipping-taxable","13":"purchasable","14":"product-type-simple"},"_links":{"self":[{"href":"https:\/\/sewingheartdesign.com\/en\/wp-json\/wp\/v2\/product\/1716"}],"collection":[{"href":"https:\/\/sewingheartdesign.com\/en\/wp-json\/wp\/v2\/product"}],"about":[{"href":"https:\/\/sewingheartdesign.com\/en\/wp-json\/wp\/v2\/types\/product"}],"wp:featuredmedia":[{"embeddable":true,"href":"https:\/\/sewingheartdesign.com\/en\/wp-json\/wp\/v2\/media\/34184"}],"wp:attachment":[{"href":"https:\/\/sewingheartdesign.com\/en\/wp-json\/wp\/v2\/media?parent=1716"}],"wp:term":[{"taxonomy":"product_cat","embeddable":true,"href":"https:\/\/sewingheartdesign.com\/en\/wp-json\/wp\/v2\/product_cat?post=1716"},{"taxonomy":"product_tag","embeddable":true,"href":"https:\/\/sewingheartdesign.com\/en\/wp-json\/wp\/v2\/product_tag?post=1716"}],"curies":[{"name":"wp","href":"https:\/\/api.w.org\/{rel}","templated":true}]}}