{"id":15899,"date":"2019-12-05T22:44:20","date_gmt":"2019-12-05T21:44:20","guid":{"rendered":"https:\/\/sewingheartdesign.com\/?post_type=product&#038;p=15899"},"modified":"2023-11-09T13:56:09","modified_gmt":"2023-11-09T12:56:09","slug":"pu-leather-handmade-knapp","status":"publish","type":"product","link":"https:\/\/sewingheartdesign.com\/en\/produkt\/pu-leather-handmade-knapp\/","title":{"rendered":"Handmade (Knapp)"},"content":{"rendered":"<p>M\u00e4rken i fuskl\u00e4der.<\/p>\n","protected":false},"excerpt":{"rendered":"<p>Dekorera kl\u00e4der, v\u00e4skor mm med dessa fina m\u00e4rken i fuskl\u00e4der.<\/p>\n<p>50&#215;15 mm<\/p>\n","protected":false},"featured_media":15885,"template":"","meta":[],"product_cat":[522048112,522047982],"product_tag":[],"class_list":{"0":"post-15899","1":"product","2":"type-product","3":"status-publish","4":"has-post-thumbnail","6":"product_cat-tags","7":"product_cat-putags","9":"first","10":"instock","11":"taxable","12":"shipping-taxable","13":"purchasable","14":"product-type-simple"},"_links":{"self":[{"href":"https:\/\/sewingheartdesign.com\/en\/wp-json\/wp\/v2\/product\/15899"}],"collection":[{"href":"https:\/\/sewingheartdesign.com\/en\/wp-json\/wp\/v2\/product"}],"about":[{"href":"https:\/\/sewingheartdesign.com\/en\/wp-json\/wp\/v2\/types\/product"}],"wp:featuredmedia":[{"embeddable":true,"href":"https:\/\/sewingheartdesign.com\/en\/wp-json\/wp\/v2\/media\/15885"}],"wp:attachment":[{"href":"https:\/\/sewingheartdesign.com\/en\/wp-json\/wp\/v2\/media?parent=15899"}],"wp:term":[{"taxonomy":"product_cat","embeddable":true,"href":"https:\/\/sewingheartdesign.com\/en\/wp-json\/wp\/v2\/product_cat?post=15899"},{"taxonomy":"product_tag","embeddable":true,"href":"https:\/\/sewingheartdesign.com\/en\/wp-json\/wp\/v2\/product_tag?post=15899"}],"curies":[{"name":"wp","href":"https:\/\/api.w.org\/{rel}","templated":true}]}}