{"id":15897,"date":"2019-12-05T22:40:47","date_gmt":"2019-12-05T21:40:47","guid":{"rendered":"https:\/\/sewingheartdesign.com\/?post_type=product&#038;p=15897"},"modified":"2023-11-09T13:56:11","modified_gmt":"2023-11-09T12:56:11","slug":"pu-leather-handmade-with-love","status":"publish","type":"product","link":"https:\/\/sewingheartdesign.com\/en\/produkt\/pu-leather-handmade-with-love\/","title":{"rendered":"Handmade &#8211; with love"},"content":{"rendered":"<p>M\u00e4rken i fuskl\u00e4der.<\/p>\n","protected":false},"excerpt":{"rendered":"<p>Dekorera kl\u00e4der, v\u00e4skor mm med dessa fina m\u00e4rken i fuskl\u00e4der.<\/p>\n<p>40&#215;15 mm<\/p>\n","protected":false},"featured_media":15883,"template":"","meta":[],"product_cat":[522048112,522047982],"product_tag":[],"class_list":{"0":"post-15897","1":"product","2":"type-product","3":"status-publish","4":"has-post-thumbnail","6":"product_cat-tags","7":"product_cat-putags","9":"first","10":"instock","11":"taxable","12":"shipping-taxable","13":"purchasable","14":"product-type-simple"},"_links":{"self":[{"href":"https:\/\/sewingheartdesign.com\/en\/wp-json\/wp\/v2\/product\/15897"}],"collection":[{"href":"https:\/\/sewingheartdesign.com\/en\/wp-json\/wp\/v2\/product"}],"about":[{"href":"https:\/\/sewingheartdesign.com\/en\/wp-json\/wp\/v2\/types\/product"}],"wp:featuredmedia":[{"embeddable":true,"href":"https:\/\/sewingheartdesign.com\/en\/wp-json\/wp\/v2\/media\/15883"}],"wp:attachment":[{"href":"https:\/\/sewingheartdesign.com\/en\/wp-json\/wp\/v2\/media?parent=15897"}],"wp:term":[{"taxonomy":"product_cat","embeddable":true,"href":"https:\/\/sewingheartdesign.com\/en\/wp-json\/wp\/v2\/product_cat?post=15897"},{"taxonomy":"product_tag","embeddable":true,"href":"https:\/\/sewingheartdesign.com\/en\/wp-json\/wp\/v2\/product_tag?post=15897"}],"curies":[{"name":"wp","href":"https:\/\/api.w.org\/{rel}","templated":true}]}}