{"id":15877,"date":"2019-12-05T22:28:58","date_gmt":"2019-12-05T21:28:58","guid":{"rendered":"https:\/\/sewingheartdesign.com\/?post_type=product&#038;p=15877"},"modified":"2023-11-30T17:59:51","modified_gmt":"2023-11-30T16:59:51","slug":"pu-leather-life-is-like","status":"publish","type":"product","link":"https:\/\/sewingheartdesign.com\/en\/produkt\/pu-leather-life-is-like\/","title":{"rendered":"Life is like"},"content":{"rendered":"<p>M\u00e4rken i fuskl\u00e4der.<\/p>\n","protected":false},"excerpt":{"rendered":"<p>Dekorera kl\u00e4der, v\u00e4skor mm med dessa fina m\u00e4rken i fuskl\u00e4der.<\/p>\n<p>41&#215;36 mm<\/p>\n","protected":false},"featured_media":15879,"template":"","meta":[],"product_cat":[522048112,522047982],"product_tag":[],"class_list":{"0":"post-15877","1":"product","2":"type-product","3":"status-publish","4":"has-post-thumbnail","6":"product_cat-tags","7":"product_cat-putags","9":"first","10":"instock","11":"taxable","12":"shipping-taxable","13":"purchasable","14":"product-type-simple"},"_links":{"self":[{"href":"https:\/\/sewingheartdesign.com\/en\/wp-json\/wp\/v2\/product\/15877"}],"collection":[{"href":"https:\/\/sewingheartdesign.com\/en\/wp-json\/wp\/v2\/product"}],"about":[{"href":"https:\/\/sewingheartdesign.com\/en\/wp-json\/wp\/v2\/types\/product"}],"wp:featuredmedia":[{"embeddable":true,"href":"https:\/\/sewingheartdesign.com\/en\/wp-json\/wp\/v2\/media\/15879"}],"wp:attachment":[{"href":"https:\/\/sewingheartdesign.com\/en\/wp-json\/wp\/v2\/media?parent=15877"}],"wp:term":[{"taxonomy":"product_cat","embeddable":true,"href":"https:\/\/sewingheartdesign.com\/en\/wp-json\/wp\/v2\/product_cat?post=15877"},{"taxonomy":"product_tag","embeddable":true,"href":"https:\/\/sewingheartdesign.com\/en\/wp-json\/wp\/v2\/product_tag?post=15877"}],"curies":[{"name":"wp","href":"https:\/\/api.w.org\/{rel}","templated":true}]}}