{"id":15874,"date":"2019-12-05T22:24:57","date_gmt":"2019-12-05T21:24:57","guid":{"rendered":"https:\/\/sewingheartdesign.com\/?post_type=product&#038;p=15874"},"modified":"2024-12-03T10:06:26","modified_gmt":"2024-12-03T09:06:26","slug":"tygtags-handmade-vit","status":"publish","type":"product","link":"https:\/\/sewingheartdesign.com\/en\/product\/tygtags-handmade-vit\/","title":{"rendered":"Rektangul\u00e4r vit Handmade"},"content":{"rendered":"<p>M\u00e4rken i bomull.<\/p>\n","protected":false},"excerpt":{"rendered":"<p>Dekorera kl\u00e4der, v\u00e4skor mm med dessa fina m\u00e4rken i bomull.<\/p>\n<p>6&#215;1.5 cm (invikta kanter)<\/p>\n","protected":false},"featured_media":15869,"template":"","meta":[],"product_cat":[522048112,522048001],"product_tag":[],"class_list":{"0":"post-15874","1":"product","2":"type-product","3":"status-publish","4":"has-post-thumbnail","6":"product_cat-tags","7":"product_cat-tygtags","9":"first","10":"instock","11":"taxable","12":"shipping-taxable","13":"purchasable","14":"product-type-simple"},"_links":{"self":[{"href":"https:\/\/sewingheartdesign.com\/en\/wp-json\/wp\/v2\/product\/15874"}],"collection":[{"href":"https:\/\/sewingheartdesign.com\/en\/wp-json\/wp\/v2\/product"}],"about":[{"href":"https:\/\/sewingheartdesign.com\/en\/wp-json\/wp\/v2\/types\/product"}],"wp:featuredmedia":[{"embeddable":true,"href":"https:\/\/sewingheartdesign.com\/en\/wp-json\/wp\/v2\/media\/15869"}],"wp:attachment":[{"href":"https:\/\/sewingheartdesign.com\/en\/wp-json\/wp\/v2\/media?parent=15874"}],"wp:term":[{"taxonomy":"product_cat","embeddable":true,"href":"https:\/\/sewingheartdesign.com\/en\/wp-json\/wp\/v2\/product_cat?post=15874"},{"taxonomy":"product_tag","embeddable":true,"href":"https:\/\/sewingheartdesign.com\/en\/wp-json\/wp\/v2\/product_tag?post=15874"}],"curies":[{"name":"wp","href":"https:\/\/api.w.org\/{rel}","templated":true}]}}