{"id":15866,"date":"2019-12-05T21:58:33","date_gmt":"2019-12-05T20:58:33","guid":{"rendered":"https:\/\/sewingheartdesign.com\/?post_type=product&#038;p=15866"},"modified":"2026-01-24T16:51:38","modified_gmt":"2026-01-24T15:51:38","slug":"goodness","status":"publish","type":"product","link":"https:\/\/sewingheartdesign.com\/en\/product\/goodness\/","title":{"rendered":"Goodness"},"content":{"rendered":"<p>M\u00e4rken i bomull.<\/p>\n","protected":false},"excerpt":{"rendered":"<p>Dekorera kl\u00e4der, v\u00e4skor mm med dessa fina m\u00e4rken i bomull.<\/p>\n<p>6.5&#215;2 cm (dubbelvikt)<\/p>\n","protected":false},"featured_media":15867,"template":"","meta":[],"product_cat":[522048112,522048001],"product_tag":[],"class_list":{"0":"post-15866","1":"product","2":"type-product","3":"status-publish","4":"has-post-thumbnail","6":"product_cat-tags","7":"product_cat-tygtags","9":"first","10":"instock","11":"taxable","12":"shipping-taxable","13":"purchasable","14":"product-type-simple"},"_links":{"self":[{"href":"https:\/\/sewingheartdesign.com\/en\/wp-json\/wp\/v2\/product\/15866"}],"collection":[{"href":"https:\/\/sewingheartdesign.com\/en\/wp-json\/wp\/v2\/product"}],"about":[{"href":"https:\/\/sewingheartdesign.com\/en\/wp-json\/wp\/v2\/types\/product"}],"wp:featuredmedia":[{"embeddable":true,"href":"https:\/\/sewingheartdesign.com\/en\/wp-json\/wp\/v2\/media\/15867"}],"wp:attachment":[{"href":"https:\/\/sewingheartdesign.com\/en\/wp-json\/wp\/v2\/media?parent=15866"}],"wp:term":[{"taxonomy":"product_cat","embeddable":true,"href":"https:\/\/sewingheartdesign.com\/en\/wp-json\/wp\/v2\/product_cat?post=15866"},{"taxonomy":"product_tag","embeddable":true,"href":"https:\/\/sewingheartdesign.com\/en\/wp-json\/wp\/v2\/product_tag?post=15866"}],"curies":[{"name":"wp","href":"https:\/\/api.w.org\/{rel}","templated":true}]}}