{"id":15865,"date":"2019-12-05T21:54:29","date_gmt":"2019-12-05T20:54:29","guid":{"rendered":"https:\/\/sewingheartdesign.com\/?post_type=product&#038;p=15865"},"modified":"2025-09-27T13:58:41","modified_gmt":"2025-09-27T11:58:41","slug":"handmade-oval-antik","status":"publish","type":"product","link":"https:\/\/sewingheartdesign.com\/en\/product\/handmade-oval-antik\/","title":{"rendered":"Handmade &#8211; Oval (antik)"},"content":{"rendered":"<p>M\u00e4rken i metall.<\/p>\n<p>Zinklegering.<\/p>\n","protected":false},"excerpt":{"rendered":"<p>Dekorera kl\u00e4der, v\u00e4skor mm med dessa fina m\u00e4rken i metall.<\/p>\n<p>F\u00e4rg: Antik brons<br \/>\n32x19mm<\/p>\n<p>K\u00f6p 4 eller fler och f\u00e5 10% rabatt<\/p>\n","protected":false},"featured_media":26837,"template":"","meta":[],"product_cat":[522048112,522047981],"product_tag":[522048237,522048236],"class_list":{"0":"post-15865","1":"product","2":"type-product","3":"status-publish","4":"has-post-thumbnail","6":"product_cat-tags","7":"product_cat-metalltags","8":"product_tag-antik","9":"product_tag-oval","11":"first","12":"instock","13":"taxable","14":"shipping-taxable","15":"purchasable","16":"product-type-simple"},"_links":{"self":[{"href":"https:\/\/sewingheartdesign.com\/en\/wp-json\/wp\/v2\/product\/15865"}],"collection":[{"href":"https:\/\/sewingheartdesign.com\/en\/wp-json\/wp\/v2\/product"}],"about":[{"href":"https:\/\/sewingheartdesign.com\/en\/wp-json\/wp\/v2\/types\/product"}],"wp:featuredmedia":[{"embeddable":true,"href":"https:\/\/sewingheartdesign.com\/en\/wp-json\/wp\/v2\/media\/26837"}],"wp:attachment":[{"href":"https:\/\/sewingheartdesign.com\/en\/wp-json\/wp\/v2\/media?parent=15865"}],"wp:term":[{"taxonomy":"product_cat","embeddable":true,"href":"https:\/\/sewingheartdesign.com\/en\/wp-json\/wp\/v2\/product_cat?post=15865"},{"taxonomy":"product_tag","embeddable":true,"href":"https:\/\/sewingheartdesign.com\/en\/wp-json\/wp\/v2\/product_tag?post=15865"}],"curies":[{"name":"wp","href":"https:\/\/api.w.org\/{rel}","templated":true}]}}