{"id":15858,"date":"2019-12-05T21:38:42","date_gmt":"2019-12-05T20:38:42","guid":{"rendered":"https:\/\/sewingheartdesign.com\/?post_type=product&#038;p=15858"},"modified":"2025-10-07T15:15:15","modified_gmt":"2025-10-07T13:15:15","slug":"handmade-snirklig-antik","status":"publish","type":"product","link":"https:\/\/sewingheartdesign.com\/en\/product\/handmade-snirklig-antik\/","title":{"rendered":"Handmade &#8211; Snirklig (antik)"},"content":{"rendered":"<p>M\u00e4rken i metall.<\/p>\n<p>Zinklegering.<\/p>\n","protected":false},"excerpt":{"rendered":"<p>Dekorera kl\u00e4der, v\u00e4skor mm med dessa fina m\u00e4rken i metall.<\/p>\n<p>F\u00e4rg: Antik m\u00e4ssing<br \/>\n41&#215;26 mm<\/p>\n<p>K\u00f6p 4 eller fler och f\u00e5 10% rabatt<\/p>\n","protected":false},"featured_media":26841,"template":"","meta":[],"product_cat":[522048112,522047981],"product_tag":[522048237],"class_list":{"0":"post-15858","1":"product","2":"type-product","3":"status-publish","4":"has-post-thumbnail","6":"product_cat-tags","7":"product_cat-metalltags","8":"product_tag-antik","10":"first","11":"instock","12":"taxable","13":"shipping-taxable","14":"purchasable","15":"product-type-simple"},"_links":{"self":[{"href":"https:\/\/sewingheartdesign.com\/en\/wp-json\/wp\/v2\/product\/15858"}],"collection":[{"href":"https:\/\/sewingheartdesign.com\/en\/wp-json\/wp\/v2\/product"}],"about":[{"href":"https:\/\/sewingheartdesign.com\/en\/wp-json\/wp\/v2\/types\/product"}],"wp:featuredmedia":[{"embeddable":true,"href":"https:\/\/sewingheartdesign.com\/en\/wp-json\/wp\/v2\/media\/26841"}],"wp:attachment":[{"href":"https:\/\/sewingheartdesign.com\/en\/wp-json\/wp\/v2\/media?parent=15858"}],"wp:term":[{"taxonomy":"product_cat","embeddable":true,"href":"https:\/\/sewingheartdesign.com\/en\/wp-json\/wp\/v2\/product_cat?post=15858"},{"taxonomy":"product_tag","embeddable":true,"href":"https:\/\/sewingheartdesign.com\/en\/wp-json\/wp\/v2\/product_tag?post=15858"}],"curies":[{"name":"wp","href":"https:\/\/api.w.org\/{rel}","templated":true}]}}