{"id":15829,"date":"2019-12-05T17:34:00","date_gmt":"2019-12-05T16:34:00","guid":{"rendered":"https:\/\/sewingheartdesign.com\/?post_type=product&#038;p=15829"},"modified":"2025-08-13T14:03:19","modified_gmt":"2025-08-13T12:03:19","slug":"fallvikare-25mm-upp","status":"publish","type":"product","link":"https:\/\/sewingheartdesign.com\/en\/produkt\/fallvikare-25mm-upp\/","title":{"rendered":"F\u00e5llvikare 25 mm  (f\u00e5ll upp\u00e5t)"},"content":{"rendered":"<p style=\"text-align: left;\"><em>Snabbt att f\u00e5lla kl\u00e4der med den h\u00e4r f\u00e5llvikaren.<\/em><\/p>\n<p>F\u00e5llvikare ger 25mm f\u00e5ll. Superenkelt att f\u00e5 en exakt f\u00e5ll p\u00e5 hela plagget.<\/p>\n<p>F\u00e5llvikare g\u00f6r f\u00e5llen upp\u00e5t. Covermaskiner f\u00e5r t\u00e4cks\u00f6mmen p\u00e5 utsidan plagget, medan vanlig hush\u00e5llsmaskin f\u00e5r dekors\u00f6mmen p\u00e5 insidan av plagget.<\/p>\n","protected":false},"excerpt":{"rendered":"<p><em>Snabbt att f\u00e5lla kl\u00e4der med den h\u00e4r f\u00e5llvikaren.<\/em><\/p>\n<p>F\u00e5llvikare g\u00f6r f\u00e5llen upp\u00e5t. Covermaskiner f\u00e5r t\u00e4cks\u00f6mmen p\u00e5 utsidan plagget, medan vanlig hush\u00e5llsmaskin f\u00e5r dekors\u00f6mmen p\u00e5 insidan av plagget.<\/p>\n","protected":false},"featured_media":15837,"template":"","meta":[],"product_cat":[522048000],"product_tag":[],"class_list":{"0":"post-15829","1":"product","2":"type-product","3":"status-publish","4":"has-post-thumbnail","6":"product_cat-fallvikare","8":"first","9":"instock","10":"taxable","11":"shipping-taxable","12":"purchasable","13":"product-type-simple"},"_links":{"self":[{"href":"https:\/\/sewingheartdesign.com\/en\/wp-json\/wp\/v2\/product\/15829"}],"collection":[{"href":"https:\/\/sewingheartdesign.com\/en\/wp-json\/wp\/v2\/product"}],"about":[{"href":"https:\/\/sewingheartdesign.com\/en\/wp-json\/wp\/v2\/types\/product"}],"wp:featuredmedia":[{"embeddable":true,"href":"https:\/\/sewingheartdesign.com\/en\/wp-json\/wp\/v2\/media\/15837"}],"wp:attachment":[{"href":"https:\/\/sewingheartdesign.com\/en\/wp-json\/wp\/v2\/media?parent=15829"}],"wp:term":[{"taxonomy":"product_cat","embeddable":true,"href":"https:\/\/sewingheartdesign.com\/en\/wp-json\/wp\/v2\/product_cat?post=15829"},{"taxonomy":"product_tag","embeddable":true,"href":"https:\/\/sewingheartdesign.com\/en\/wp-json\/wp\/v2\/product_tag?post=15829"}],"curies":[{"name":"wp","href":"https:\/\/api.w.org\/{rel}","templated":true}]}}