{"id":15138,"date":"2019-11-25T01:04:39","date_gmt":"2019-11-25T00:04:39","guid":{"rendered":"https:\/\/sewingheartdesign.com\/?post_type=product&#038;p=15138"},"modified":"2026-01-26T22:49:27","modified_gmt":"2026-01-26T21:49:27","slug":"bla-4-halsknapp-25mm","status":"publish","type":"product","link":"https:\/\/sewingheartdesign.com\/en\/produkt\/bla-4-halsknapp-25mm\/","title":{"rendered":"Bl\u00e5 4-h\u00e5lsknapp, 25mm"},"content":{"rendered":"<p>Rund knapp med fyra h\u00e5l.<\/p>\n<p>Passar fint till kl\u00e4der, accessoarer, scrapbooking mm<\/p>\n<p>&nbsp;<\/p>\n<p>Material: akrylplast<\/p>\n","protected":false},"excerpt":{"rendered":"<p>Rund knapp passar fint till kl\u00e4der, accessoarer, scrapbooking mm<\/p>\n<p>Antal: 6 st<\/p>\n","protected":false},"featured_media":25272,"template":"","meta":[],"product_cat":[522047995],"product_tag":[522047996,522047997,522047998],"class_list":{"0":"post-15138","1":"product","2":"type-product","3":"status-publish","4":"has-post-thumbnail","6":"product_cat-knappar","7":"product_tag-knappar","8":"product_tag-plastknappar","9":"product_tag-scrapbook","11":"first","12":"instock","13":"taxable","14":"shipping-taxable","15":"purchasable","16":"product-type-simple"},"_links":{"self":[{"href":"https:\/\/sewingheartdesign.com\/en\/wp-json\/wp\/v2\/product\/15138"}],"collection":[{"href":"https:\/\/sewingheartdesign.com\/en\/wp-json\/wp\/v2\/product"}],"about":[{"href":"https:\/\/sewingheartdesign.com\/en\/wp-json\/wp\/v2\/types\/product"}],"wp:featuredmedia":[{"embeddable":true,"href":"https:\/\/sewingheartdesign.com\/en\/wp-json\/wp\/v2\/media\/25272"}],"wp:attachment":[{"href":"https:\/\/sewingheartdesign.com\/en\/wp-json\/wp\/v2\/media?parent=15138"}],"wp:term":[{"taxonomy":"product_cat","embeddable":true,"href":"https:\/\/sewingheartdesign.com\/en\/wp-json\/wp\/v2\/product_cat?post=15138"},{"taxonomy":"product_tag","embeddable":true,"href":"https:\/\/sewingheartdesign.com\/en\/wp-json\/wp\/v2\/product_tag?post=15138"}],"curies":[{"name":"wp","href":"https:\/\/api.w.org\/{rel}","templated":true}]}}