{"id":15126,"date":"2019-11-25T00:55:45","date_gmt":"2019-11-24T23:55:45","guid":{"rendered":"https:\/\/sewingheartdesign.com\/?post_type=product&#038;p=15126"},"modified":"2023-12-11T16:07:08","modified_gmt":"2023-12-11T15:07:08","slug":"gron-4-halsknapp-18mm","status":"publish","type":"product","link":"https:\/\/sewingheartdesign.com\/en\/produkt\/gron-4-halsknapp-18mm\/","title":{"rendered":"Gr\u00f6n 4-h\u00e5lsknapp, 18mm"},"content":{"rendered":"<p>Rund knapp med fyra h\u00e5l.<\/p>\n<p>Passar fint till kl\u00e4der, accessoarer, scrapbooking mm<\/p>\n<p>&nbsp;<\/p>\n<p>Material: akrylplast<\/p>\n","protected":false},"excerpt":{"rendered":"<p>Rund knapp passar fint till kl\u00e4der, accessoarer, scrapbooking mm<\/p>\n<p>Antal: 10st<\/p>\n","protected":false},"featured_media":25260,"template":"","meta":[],"product_cat":[522047995],"product_tag":[522047996,522047997,522047998],"class_list":{"0":"post-15126","1":"product","2":"type-product","3":"status-publish","4":"has-post-thumbnail","6":"product_cat-knappar","7":"product_tag-knappar","8":"product_tag-plastknappar","9":"product_tag-scrapbook","11":"first","12":"instock","13":"taxable","14":"shipping-taxable","15":"purchasable","16":"product-type-simple"},"_links":{"self":[{"href":"https:\/\/sewingheartdesign.com\/en\/wp-json\/wp\/v2\/product\/15126"}],"collection":[{"href":"https:\/\/sewingheartdesign.com\/en\/wp-json\/wp\/v2\/product"}],"about":[{"href":"https:\/\/sewingheartdesign.com\/en\/wp-json\/wp\/v2\/types\/product"}],"wp:featuredmedia":[{"embeddable":true,"href":"https:\/\/sewingheartdesign.com\/en\/wp-json\/wp\/v2\/media\/25260"}],"wp:attachment":[{"href":"https:\/\/sewingheartdesign.com\/en\/wp-json\/wp\/v2\/media?parent=15126"}],"wp:term":[{"taxonomy":"product_cat","embeddable":true,"href":"https:\/\/sewingheartdesign.com\/en\/wp-json\/wp\/v2\/product_cat?post=15126"},{"taxonomy":"product_tag","embeddable":true,"href":"https:\/\/sewingheartdesign.com\/en\/wp-json\/wp\/v2\/product_tag?post=15126"}],"curies":[{"name":"wp","href":"https:\/\/api.w.org\/{rel}","templated":true}]}}