{"id":15072,"date":"2019-11-25T00:27:12","date_gmt":"2019-11-24T23:27:12","guid":{"rendered":"https:\/\/sewingheartdesign.com\/?post_type=product&#038;p=15072"},"modified":"2025-06-13T08:32:16","modified_gmt":"2025-06-13T06:32:16","slug":"gron-4-halsknapp-12mm","status":"publish","type":"product","link":"https:\/\/sewingheartdesign.com\/en\/product\/gron-4-halsknapp-12mm\/","title":{"rendered":"Gr\u00f6n 4-h\u00e5lsknapp, 12mm"},"content":{"rendered":"<p>Rund knapp med fyra h\u00e5l.<\/p>\n<p>Passar fint till kl\u00e4der, accessoarer, scrapbooking mm<\/p>\n<p>&nbsp;<\/p>\n<p>Material: akrylplast<\/p>\n","protected":false},"excerpt":{"rendered":"<p>Rund knapp passar fint till kl\u00e4der, accessoarer, scrapbooking mm<\/p>\n<p>Antal: 15 st<\/p>\n","protected":false},"featured_media":25244,"template":"","meta":[],"product_cat":[522047995],"product_tag":[522047996,522047997,522047998],"class_list":{"0":"post-15072","1":"product","2":"type-product","3":"status-publish","4":"has-post-thumbnail","6":"product_cat-knappar","7":"product_tag-knappar","8":"product_tag-plastknappar","9":"product_tag-scrapbook","11":"first","12":"instock","13":"taxable","14":"shipping-taxable","15":"purchasable","16":"product-type-simple"},"_links":{"self":[{"href":"https:\/\/sewingheartdesign.com\/en\/wp-json\/wp\/v2\/product\/15072"}],"collection":[{"href":"https:\/\/sewingheartdesign.com\/en\/wp-json\/wp\/v2\/product"}],"about":[{"href":"https:\/\/sewingheartdesign.com\/en\/wp-json\/wp\/v2\/types\/product"}],"wp:featuredmedia":[{"embeddable":true,"href":"https:\/\/sewingheartdesign.com\/en\/wp-json\/wp\/v2\/media\/25244"}],"wp:attachment":[{"href":"https:\/\/sewingheartdesign.com\/en\/wp-json\/wp\/v2\/media?parent=15072"}],"wp:term":[{"taxonomy":"product_cat","embeddable":true,"href":"https:\/\/sewingheartdesign.com\/en\/wp-json\/wp\/v2\/product_cat?post=15072"},{"taxonomy":"product_tag","embeddable":true,"href":"https:\/\/sewingheartdesign.com\/en\/wp-json\/wp\/v2\/product_tag?post=15072"}],"curies":[{"name":"wp","href":"https:\/\/api.w.org\/{rel}","templated":true}]}}