{"id":14616,"date":"2019-11-21T15:06:02","date_gmt":"2019-11-21T14:06:02","guid":{"rendered":"https:\/\/sewingheartdesign.com\/?post_type=product&#038;p=14616"},"modified":"2026-03-28T10:15:36","modified_gmt":"2026-03-28T09:15:36","slug":"orhange","status":"publish","type":"product","link":"https:\/\/sewingheartdesign.com\/en\/produkt\/orhange\/","title":{"rendered":"\u00d6rh\u00e4nge"},"content":{"rendered":"<p>3 par \u00f6rh\u00e4ngen med allergiv\u00e4nligt \u00e4kta 999 silverpl\u00e4tering.<br \/>\nPassar \u00e4ven kr\u00e4sna \u00f6ron.<\/p>\n","protected":false},"excerpt":{"rendered":"<p>F\u00e4rg: silver<\/p>\n","protected":false},"featured_media":14332,"template":"","meta":[],"product_cat":[522047980],"product_tag":[],"class_list":{"0":"post-14616","1":"product","2":"type-product","3":"status-publish","4":"has-post-thumbnail","6":"product_cat-smycken","8":"first","9":"instock","10":"taxable","11":"shipping-taxable","12":"purchasable","13":"product-type-simple"},"_links":{"self":[{"href":"https:\/\/sewingheartdesign.com\/en\/wp-json\/wp\/v2\/product\/14616"}],"collection":[{"href":"https:\/\/sewingheartdesign.com\/en\/wp-json\/wp\/v2\/product"}],"about":[{"href":"https:\/\/sewingheartdesign.com\/en\/wp-json\/wp\/v2\/types\/product"}],"wp:featuredmedia":[{"embeddable":true,"href":"https:\/\/sewingheartdesign.com\/en\/wp-json\/wp\/v2\/media\/14332"}],"wp:attachment":[{"href":"https:\/\/sewingheartdesign.com\/en\/wp-json\/wp\/v2\/media?parent=14616"}],"wp:term":[{"taxonomy":"product_cat","embeddable":true,"href":"https:\/\/sewingheartdesign.com\/en\/wp-json\/wp\/v2\/product_cat?post=14616"},{"taxonomy":"product_tag","embeddable":true,"href":"https:\/\/sewingheartdesign.com\/en\/wp-json\/wp\/v2\/product_tag?post=14616"}],"curies":[{"name":"wp","href":"https:\/\/api.w.org\/{rel}","templated":true}]}}