{"id":14315,"date":"2019-11-16T23:18:27","date_gmt":"2019-11-16T22:18:27","guid":{"rendered":"https:\/\/sewingheartdesign.com\/?post_type=product&#038;p=14315"},"modified":"2025-06-20T17:06:38","modified_gmt":"2025-06-20T15:06:38","slug":"turbo-roller","status":"publish","type":"product","link":"https:\/\/sewingheartdesign.com\/en\/product\/turbo-roller\/","title":{"rendered":"Turbo-roller"},"content":{"rendered":"<p>Turbo-roller tar snabbt och enkelt upp sm\u00e5skr\u00e4p, tr\u00e5dar, glitter mm.<\/p>\n<p>Perfekt f\u00f6r djur\u00e4gare, sm\u00e5barnsf\u00f6r\u00e4ldrar, rullstolsburna, hobbys med paljetter\/glitter\/s\u00f6mnad, f\u00f6r m\u00e4ssor eller utst\u00e4llningar.<\/p>\n<p>Passar kl\u00e4dv\u00e5rdsrullar fr\u00e5n Ikea, Jula mfl. L\u00e4tt att byta refillrulle.<br \/>\nKr\u00e4ver inga batterier eller str\u00f6m. Utm\u00e4rkt f\u00f6r m\u00e4ssor eller utst\u00e4llningar.<\/p>\n<p>V\u00e4ldigt l\u00e4tt. V\u00e4ger endast 625gram!<br \/>\nTeleskopiskt skaft, 85-145cm. Passar dig oavsett l\u00e4ngd.<br \/>\nH\u00e4ngs upp p\u00e5 en krok f\u00f6r enkel f\u00f6rvaring.<\/p>\n<p>S\u00e5 enkelt att en 2-\u00e5ring kan anv\u00e4nda den!<\/p>\n<p>Handgjord i Sverige f\u00f6r Sewingheartdesign.com<\/p>\n<p>&nbsp;<\/p>\n<p>&nbsp;<br \/>\n<iframe width=\"1280\" height=\"720\" src=\"https:\/\/www.youtube.com\/embed\/yJ0W2nxVq8U\" frameborder=\"0\" allow=\"accelerometer; autoplay; encrypted-media; gyroscope; picture-in-picture\" allowfullscreen><\/iframe><\/p>\n","protected":false},"excerpt":{"rendered":"<p>\u00c4r du less p\u00e5 att reng\u00f6ra golv, m\u00f6bler, s\u00e4ngkl\u00e4der, mattor mm p\u00e5 djurh\u00e5r, glitter, paljetter, tr\u00e5dar och annat sm\u00e5skr\u00e4p? D\u00e5 finns l\u00f6sningen h\u00e4r!<\/p>\n<p><br data-rich-text-line-break=\"true\" \/>Enkelt, smidigt, snabbt! Fungerar lika bra f\u00f6r st\u00e5ende eller sittande. Teleskopiskt skaft f\u00f6r en ergonomisk st\u00e4dning.<\/p>\n<p>Levereras komplett med tv\u00e5 klisterrullar, teleskophandtag och juster-ringar f\u00f6r olika sorters klisterrullar.<\/p>\n","protected":false},"featured_media":14321,"template":"","meta":[],"product_cat":[522048102,522047979],"product_tag":[],"class_list":{"0":"post-14315","1":"product","2":"type-product","3":"status-publish","4":"has-post-thumbnail","6":"product_cat-rea","7":"product_cat-turboroller","9":"first","10":"instock","11":"sale","12":"taxable","13":"shipping-taxable","14":"purchasable","15":"product-type-simple"},"_links":{"self":[{"href":"https:\/\/sewingheartdesign.com\/en\/wp-json\/wp\/v2\/product\/14315"}],"collection":[{"href":"https:\/\/sewingheartdesign.com\/en\/wp-json\/wp\/v2\/product"}],"about":[{"href":"https:\/\/sewingheartdesign.com\/en\/wp-json\/wp\/v2\/types\/product"}],"wp:featuredmedia":[{"embeddable":true,"href":"https:\/\/sewingheartdesign.com\/en\/wp-json\/wp\/v2\/media\/14321"}],"wp:attachment":[{"href":"https:\/\/sewingheartdesign.com\/en\/wp-json\/wp\/v2\/media?parent=14315"}],"wp:term":[{"taxonomy":"product_cat","embeddable":true,"href":"https:\/\/sewingheartdesign.com\/en\/wp-json\/wp\/v2\/product_cat?post=14315"},{"taxonomy":"product_tag","embeddable":true,"href":"https:\/\/sewingheartdesign.com\/en\/wp-json\/wp\/v2\/product_tag?post=14315"}],"curies":[{"name":"wp","href":"https:\/\/api.w.org\/{rel}","templated":true}]}}