{"id":13163,"date":"2019-11-01T00:11:27","date_gmt":"2019-10-31T23:11:27","guid":{"rendered":"https:\/\/sewingheartdesign.com\/?post_type=product&#038;p=13163"},"modified":"2025-10-17T11:04:39","modified_gmt":"2025-10-17T09:04:39","slug":"satinband-svart","status":"publish","type":"product","link":"https:\/\/sewingheartdesign.com\/en\/produkt\/satinband-svart\/","title":{"rendered":"Satinband svart"},"content":{"rendered":"<p>Gl\u00e4nsande satinband i h\u00e4rlig f\u00e4rg.<\/p>\n<p>Dekorera kl\u00e4der, dopkl\u00e4nningar eller lyxa till det som hoodsn\u00f6ren.<\/p>\n","protected":false},"excerpt":{"rendered":"<p><em>Gl\u00e4nsande satinband i h\u00e4rlig f\u00e4rg.<\/em><\/p>\n<p>10mm breda, 120cm l\u00e5nga<\/p>\n","protected":false},"featured_media":25309,"template":"","meta":[],"product_cat":[522048102,522047983,522048124],"product_tag":[],"class_list":{"0":"post-13163","1":"product","2":"type-product","3":"status-publish","4":"has-post-thumbnail","6":"product_cat-rea","7":"product_cat-snoren-mm","8":"product_cat-satinband","10":"first","11":"instock","12":"sale","13":"taxable","14":"shipping-taxable","15":"purchasable","16":"product-type-simple"},"_links":{"self":[{"href":"https:\/\/sewingheartdesign.com\/en\/wp-json\/wp\/v2\/product\/13163"}],"collection":[{"href":"https:\/\/sewingheartdesign.com\/en\/wp-json\/wp\/v2\/product"}],"about":[{"href":"https:\/\/sewingheartdesign.com\/en\/wp-json\/wp\/v2\/types\/product"}],"wp:featuredmedia":[{"embeddable":true,"href":"https:\/\/sewingheartdesign.com\/en\/wp-json\/wp\/v2\/media\/25309"}],"wp:attachment":[{"href":"https:\/\/sewingheartdesign.com\/en\/wp-json\/wp\/v2\/media?parent=13163"}],"wp:term":[{"taxonomy":"product_cat","embeddable":true,"href":"https:\/\/sewingheartdesign.com\/en\/wp-json\/wp\/v2\/product_cat?post=13163"},{"taxonomy":"product_tag","embeddable":true,"href":"https:\/\/sewingheartdesign.com\/en\/wp-json\/wp\/v2\/product_tag?post=13163"}],"curies":[{"name":"wp","href":"https:\/\/api.w.org\/{rel}","templated":true}]}}